{"id":819,"date":"2023-09-22T11:50:29","date_gmt":"2023-09-22T09:50:29","guid":{"rendered":"https:\/\/reformahabitatge.com\/?page_id=819"},"modified":"2023-10-02T11:13:20","modified_gmt":"2023-10-02T09:13:20","slug":"aviso-legal","status":"publish","type":"page","link":"https:\/\/www.reformahabitatge.com\/es\/inicio\/aviso-legal\/","title":{"rendered":"AVISO LEGAL"},"content":{"rendered":"<div class=\"wpb-content-wrapper\"><p>[vc_row css_animation=\u00bb\u00bb row_type=\u00bbrow\u00bb use_row_as_full_screen_section=\u00bbno\u00bb type=\u00bbgrid\u00bb angled_section=\u00bbno\u00bb text_align=\u00bbleft\u00bb background_image_as_pattern=\u00bbwithout_pattern\u00bb z_index=\u00bb\u00bb padding_top=\u00bb30&#8243;][vc_column][vc_column_text]<\/p>\n<p style=\"text-align: right;\"><a href=\"\/es\/\">Inicio<\/a> &gt;&gt; Aviso legal<\/p>\n<p>[\/vc_column_text][\/vc_column][\/vc_row][vc_row css_animation=\u00bb\u00bb row_type=\u00bbrow\u00bb use_row_as_full_screen_section=\u00bbno\u00bb type=\u00bbgrid\u00bb angled_section=\u00bbno\u00bb text_align=\u00bbleft\u00bb background_image_as_pattern=\u00bbwithout_pattern\u00bb padding_top=\u00bb75&#8243; padding_bottom=\u00bb75&#8243; z_index=\u00bb\u00bb anchor=\u00bbinici\u00bb][vc_column][vc_column_text]<\/p>\n<h1>AVISO LEGAL<\/h1>\n<p>[\/vc_column_text][vc_separator type=\u00bbsmall\u00bb position=\u00bbleft\u00bb color=\u00bb#0a0a0a\u00bb transparency=\u00bb1&#8243; thickness=\u00bb1&#8243; width=\u00bb63&#8243; up=\u00bb19&#8243; down=\u00bb30&#8243;][vc_column_text]En cumplimiento de la Ley 34\/2002, de 11 de julio, de Servicios de la Sociedad de la Informaci\u00f3n y de Comercio Electr\u00f3nico (LSSI-CE), INSTAL HABITATGE SL informa que es titular del sitio web www.bitworks.cat. De acuerdo con la exigencia del art\u00edculo 10 de la citada Ley, INSTAL HABITATGE SL informa de los siguientes datos:<\/p>\n<p>&nbsp;<\/p>\n<p>El titular de este sitio web es INSTAL HABITATGE SL, con CIF B64770530 y domicilio social en C\/ CONCEPCI\u00d3N ARENAL 313-315 \u2013 080830 BARCELONA. La direcci\u00f3n de correo electr\u00f3nico de contacto con la empresa es: instalhabitatge@gmail.com.<\/p>\n<p>&nbsp;<\/p>\n<p>[vc_empty_space height=\u00bb50px\u00bb]<\/p>\n<h2>USUARIO Y R\u00c9GIMEN DE RESPONSABILIDADES<\/h2>\n<p>[vc_separator type=\u00bbsmall\u00bb position=\u00bbleft\u00bb up=\u00bb15&#8243; down=\u00bb15&#8243; color=\u00bb#303030&#8243; transparency=\u00bb1&#8243; thickness=\u00bb2&#8243;]<\/p>\n<p>La navegaci\u00f3n, acceso y uso por el sitio web de INSTAL VIVIENDA SL confiere la condici\u00f3n de usuario, por la que se aceptan, desde la navegaci\u00f3n por el sitio web de INSTAL VIVIENDA SL, todas las condiciones de uso aqu\u00ed establecidas sin perjuicio de la aplicaci\u00f3n de la correspondiente normativa de obligado cumplimiento legal seg\u00fan el caso.<\/p>\n<p>&nbsp;<\/p>\n<p>El sitio web de INSTAL\u00a0HABITATGE SL proporciona gran diversidad de informaci\u00f3n, servicios y datos. El usuario asume su responsabilidad en el correcto uso del sitio web. Esta responsabilidad se extender\u00e1 a:<\/p>\n<p>&nbsp;<\/p>\n<ul>\n<li style=\"list-style-type: none;\">\n<ul>\n<li style=\"list-style-type: none;\">\n<ul>\n<li>La veracidad y licitud de las informaciones aportadas por el usuario en los formularios facilitados por INSTAL HABITATGE SL para el acceso a determinados contenidos o servicios ofrecidos por la web.<\/li>\n<li>El uso de la informaci\u00f3n, servicios y datos ofrecidos por INSTAL HABITATGE SL contrariamente a lo dispuesto por las presentes condiciones, la Ley, la moral, las buenas costumbres o el orden p\u00fablico, o que de cualquier otra forma pueda suponer lesi\u00f3n de los derechos de terceros o del propio funcionamiento del sitio web.<\/li>\n<\/ul>\n<\/li>\n<\/ul>\n<\/li>\n<\/ul>\n<p>&nbsp;<\/p>\n<p>[vc_empty_space height=\u00bb50px\u00bb]<\/p>\n<h2>POL\u00cdTICA DE ENLACES Y EXENCIONES DE RESPONSABILIDAD<\/h2>\n<p>[vc_separator type=\u00bbsmall\u00bb position=\u00bbleft\u00bb up=\u00bb15&#8243; down=\u00bb15&#8243; color=\u00bb#303030&#8243; transparency=\u00bb1&#8243; thickness=\u00bb2&#8243;]<\/p>\n<p>INSTAL HABITATGE SL no se hace responsable del contenido de los sitios web a los que el usuario pueda acceder a trav\u00e9s de los enlaces establecidos en su sitio web y declara que en ning\u00fan caso proceder\u00e1 a examinar o ejercitar ning\u00fan tipo de control sobre el contenido de otros sitios de la red. Asimismo, tampoco garantizar\u00e1 la disponibilidad t\u00e9cnica, exactitud, veracidad, validez o legalidad de sitios ajenos a su propiedad a los que se pueda acceder por medio de los enlaces.<\/p>\n<p>&nbsp;<\/p>\n<p>INSTAL HABITATGE SL declara haber adoptado todas las medidas necesarias para evitar cualquier da\u00f1o a los usuarios de su sitio web, que pudieran derivarse de la navegaci\u00f3n por su sitio web. En consecuencia, INSTAL HABITATGE SL no se hace responsable, en ning\u00fan caso, de los eventuales da\u00f1os que por la navegaci\u00f3n por Internet pudiera sufrir el usuario.<\/p>\n<p>&nbsp;<\/p>\n<p>[vc_empty_space height=\u00bb50px\u00bb]<\/p>\n<h2>MODIFICACIONES<\/h2>\n<p>[vc_separator type=\u00bbsmall\u00bb position=\u00bbleft\u00bb up=\u00bb15&#8243; down=\u00bb15&#8243; color=\u00bb#303030&#8243; transparency=\u00bb1&#8243; thickness=\u00bb2&#8243;]<\/p>\n<p>INSTAL HABITATGE SL se reserva el derecho a realizar las modificaciones que considere oportunas, sin previo aviso, en el contenido de su sitio web. Tanto en lo que se refiere a los contenidos del sitio web, como en las condiciones de uso del mismo. Estas modificaciones podr\u00e1n realizarse a trav\u00e9s de su sitio web por cualquier forma admisible en derecho y ser\u00e1n de obligado cumplimiento durante el tiempo en que se encuentren publicadas en la web y hasta que no sean modificadas v\u00e1lidamente por otras posteriores.<\/p>\n<p>&nbsp;<\/p>\n<p>[vc_empty_space height=\u00bb50px\u00bb]<\/p>\n<h2>PROTECCI\u00d3 DE DADES<\/h2>\n<p>[vc_separator type=\u00bbsmall\u00bb position=\u00bbleft\u00bb up=\u00bb15&#8243; down=\u00bb15&#8243; color=\u00bb#303030&#8243; transparency=\u00bb1&#8243; thickness=\u00bb2&#8243;]<\/p>\n<p>De conformidad con lo que establece la normativa vigente en Protecci\u00f3n de Datos de Car\u00e1cter Personal, le informamos que sus datos ser\u00e1n incorporados al sistema de tratamiento titularidad de INSTAL VIVIENDA SL con CIF B64770530 y domicilio social situado en C\/ CONCEPCI\u00d3N ARENAL 313- 315 &#8211; 080830 BARCELONA, con el fin de poder facilitar, agilizar y cumplir los compromisos establecidos entre ambas partes. En cumplimiento de la normativa vigente, INSTAL HABITATGE SL informa que los datos ser\u00e1n conservados durante el plazo estrictamente necesario para cumplir con los preceptos mencionados anteriormente.<\/p>\n<p>&nbsp;<\/p>\n<p>Le informamos que trataremos sus datos de acuerdo con la existencia de su consentimiento y la relaci\u00f3n contractual que mantenemos con usted.<\/p>\n<p>&nbsp;<\/p>\n<p>INSTAL HABITATGE SL informa que proceder\u00e1 a tratar los datos de forma l\u00edcita, leal, transparente, adecuada, pertinente, limitada, exacta y actualizada. Es por ello que INSTAL HABITATGE SL se compromete a adoptar todas las medidas razonables para que estos se supriman o rectifiquen sin dilaci\u00f3n cuando sean inexactas.<\/p>\n<p>&nbsp;<\/p>\n<p>De acuerdo con los derechos que le confiere la normativa vigente en protecci\u00f3n de datos, podr\u00e1 ejercer los derechos de acceso, rectificaci\u00f3n, limitaci\u00f3n de tratamiento, supresi\u00f3n, portabilidad y oposici\u00f3n al tratamiento de sus datos de car\u00e1cter personal, as\u00ed como del consentimiento prestado por al tratamiento de estos, dirigiendo su petici\u00f3n a la direcci\u00f3n postal arriba indicada o al correo electr\u00f3nico instalhabitatge@gmail.com.<\/p>\n<p>&nbsp;<\/p>\n<p>Podr\u00e1 dirigirse a la Autoridad de Control competente para presentar la reclamaci\u00f3n que considere oportuna.<\/p>\n<p>&nbsp;<\/p>\n<p>[vc_empty_space height=\u00bb50px\u00bb]<\/p>\n<h2>PROPIEDAD INTELECTUAL E INDUSTRIAL<\/h2>\n<p>[vc_separator type=\u00bbsmall\u00bb position=\u00bbleft\u00bb up=\u00bb15&#8243; down=\u00bb15&#8243; color=\u00bb#303030&#8243; transparency=\u00bb1&#8243; thickness=\u00bb2&#8243;]<\/p>\n<p>INSTAL HABITATGE SL por s\u00ed misma o como cesionaria, es titular de todos los derechos de propiedad intelectual e industrial de su p\u00e1gina web, as\u00ed como de los elementos contenidos en la misma (a t\u00edtulo enunciativo, im\u00e1genes, sonido, audio, v\u00eddeo , software o textos, marcas o logotipos, combinaciones de colores, estructura y dise\u00f1o, selecci\u00f3n de materiales usados, programas de ordenador necesarios para su funcionamiento, acceso y uso, etc.), titularidad de INSTAL VIVIENDA SL. Ser\u00e1n, por tanto, obras protegidas como propiedad intelectual por el ordenamiento jur\u00eddico espa\u00f1ol, ser\u00e1 de aplicaci\u00f3n tanto la normativa espa\u00f1ola y comunitaria en este campo, como los tratados internacionales relativos a la materia y suscritos por Espa\u00f1a.<\/p>\n<p>&nbsp;<\/p>\n<p>Todos los derechos reservados. En virtud de lo dispuesto en la Ley de Propiedad Intelectual, quedan expresamente prohibidas la reproducci\u00f3n, distribuci\u00f3n y comunicaci\u00f3n p\u00fablica, incluida su modalidad de puesta a disposici\u00f3n, de la totalidad o parte de los contenidos de esta p\u00e1gina web, con fines comerciales, en cualquier soporte y por cualquier medio t\u00e9cnico, sin la autorizaci\u00f3n de INSTAL VIVIENDA SL.<\/p>\n<p>&nbsp;<\/p>\n<p>El usuario se compromete a respetar los derechos de Propiedad Intelectual e Industrial titularidad de INSTAL HABITATGE SL. Podr\u00e1 visualizar los elementos del portal e incluso imprimirlos, copiarlos y almacenarlos en el disco duro de su ordenador o en cualquier otro soporte f\u00edsico siempre que sea, \u00fanica y exclusivamente, para su uso personal y privado. El usuario deber\u00e1 abstenerse de suprimir, alterar, eludir o manipular cualquier dispositivo de protecci\u00f3n o sistema de seguridad que estuviera instalado en las p\u00e1ginas de INSTAL VIVIENDA SL.<\/p>\n<p>&nbsp;<\/p>\n<p>[vc_empty_space height=\u00bb50px\u00bb]<\/p>\n<h2>ACCIONES LEGALES, LEGISLACI\u00d3N APLICABLE Y JURISDICCI\u00d3N<\/h2>\n<p>[vc_separator type=\u00bbsmall\u00bb position=\u00bbleft\u00bb up=\u00bb15&#8243; down=\u00bb15&#8243; color=\u00bb#303030&#8243; transparency=\u00bb1&#8243; thickness=\u00bb2&#8243;]<\/p>\n<p>INSTAL HABITATGE SL se reserva, asimismo, la facultad de presentar las acciones civiles o penales que considere oportunas por la utilizaci\u00f3n indebida de su sitio web y contenidos, o por el incumplimiento de las presentes condiciones.<\/p>\n<p>&nbsp;<\/p>\n<p>La relaci\u00f3n entre el usuario y el prestamista se regir\u00e1 por la normativa vigente y de aplicaci\u00f3n en territorio espa\u00f1ol. De surgir cualquier controversia las partes podr\u00e1n someter sus conflictos a arbitraje o acudir a la jurisdicci\u00f3n ordinaria cumpliendo con las normas sobre jurisdicci\u00f3n y competencia al respecto. INSTAL HABITATGE SL tiene su domicilio en BARCELONA, Espa\u00f1a.[\/vc_column_text][\/vc_column][\/vc_row]<\/p>\n<\/div>","protected":false},"excerpt":{"rendered":"<p>[vc_row css_animation=\u00bb\u00bb row_type=\u00bbrow\u00bb use_row_as_full_screen_section=\u00bbno\u00bb type=\u00bbgrid\u00bb angled_section=\u00bbno\u00bb text_align=\u00bbleft\u00bb background_image_as_pattern=\u00bbwithout_pattern\u00bb z_index=\u00bb\u00bb padding_top=\u00bb30&#8243;][vc_column][vc_column_text] Inicio &gt;&gt; Aviso legal [\/vc_column_text][\/vc_column][\/vc_row][vc_row css_animation=\u00bb\u00bb row_type=\u00bbrow\u00bb use_row_as_full_screen_section=\u00bbno\u00bb type=\u00bbgrid\u00bb angled_section=\u00bbno\u00bb text_align=\u00bbleft\u00bb background_image_as_pattern=\u00bbwithout_pattern\u00bb padding_top=\u00bb75&#8243; padding_bottom=\u00bb75&#8243; z_index=\u00bb\u00bb anchor=\u00bbinici\u00bb][vc_column][vc_column_text] AVISO LEGAL [\/vc_column_text][vc_separator type=\u00bbsmall\u00bb position=\u00bbleft\u00bb color=\u00bb#0a0a0a\u00bb transparency=\u00bb1&#8243; thickness=\u00bb1&#8243; width=\u00bb63&#8243; up=\u00bb19&#8243; down=\u00bb30&#8243;][vc_column_text]En cumplimiento de la Ley 34\/2002, de 11 de&hellip; <a class=\"continue\" href=\"https:\/\/www.reformahabitatge.com\/es\/inicio\/aviso-legal\/\">CONTINUAR >><span> AVISO LEGAL<\/span><\/a><\/p>\n","protected":false},"author":1,"featured_media":0,"parent":888,"menu_order":0,"comment_status":"closed","ping_status":"closed","template":"full_width.php","meta":{"_joinchat":[],"footnotes":""},"class_list":["post-819","page","type-page","status-publish","hentry"],"_links":{"self":[{"href":"https:\/\/www.reformahabitatge.com\/es\/wp-json\/wp\/v2\/pages\/819","targetHints":{"allow":["GET"]}}],"collection":[{"href":"https:\/\/www.reformahabitatge.com\/es\/wp-json\/wp\/v2\/pages"}],"about":[{"href":"https:\/\/www.reformahabitatge.com\/es\/wp-json\/wp\/v2\/types\/page"}],"author":[{"embeddable":true,"href":"https:\/\/www.reformahabitatge.com\/es\/wp-json\/wp\/v2\/users\/1"}],"replies":[{"embeddable":true,"href":"https:\/\/www.reformahabitatge.com\/es\/wp-json\/wp\/v2\/comments?post=819"}],"version-history":[{"count":1,"href":"https:\/\/www.reformahabitatge.com\/es\/wp-json\/wp\/v2\/pages\/819\/revisions"}],"predecessor-version":[{"id":820,"href":"https:\/\/www.reformahabitatge.com\/es\/wp-json\/wp\/v2\/pages\/819\/revisions\/820"}],"up":[{"embeddable":true,"href":"https:\/\/www.reformahabitatge.com\/es\/wp-json\/wp\/v2\/pages\/888"}],"wp:attachment":[{"href":"https:\/\/www.reformahabitatge.com\/es\/wp-json\/wp\/v2\/media?parent=819"}],"curies":[{"name":"wp","href":"https:\/\/api.w.org\/{rel}","templated":true}]}}