{"id":874,"date":"2023-09-25T10:04:00","date_gmt":"2023-09-25T08:04:00","guid":{"rendered":"https:\/\/reformahabitatge.com\/?page_id=874"},"modified":"2023-10-02T18:43:27","modified_gmt":"2023-10-02T16:43:27","slug":"blog","status":"publish","type":"page","link":"https:\/\/www.reformahabitatge.com\/es\/blog\/","title":{"rendered":"BLOG"},"content":{"rendered":"<div class=\"wpb-content-wrapper\"><p>[vc_row css_animation=\u00bb\u00bb row_type=\u00bbrow\u00bb use_row_as_full_screen_section=\u00bbno\u00bb type=\u00bbgrid\u00bb angled_section=\u00bbno\u00bb text_align=\u00bbleft\u00bb background_image_as_pattern=\u00bbwithout_pattern\u00bb z_index=\u00bb\u00bb padding_top=\u00bb30&#8243;][vc_column][vc_column_text]<\/p>\n<p style=\"text-align: right;\"><a href=\"\/es\/\">Inicio<\/a> &gt;&gt; Blog<\/p>\n<p>[\/vc_column_text][\/vc_column][\/vc_row][vc_row css_animation=\u00bb\u00bb row_type=\u00bbrow\u00bb use_row_as_full_screen_section=\u00bbno\u00bb type=\u00bbgrid\u00bb angled_section=\u00bbno\u00bb text_align=\u00bbleft\u00bb background_image_as_pattern=\u00bbwithout_pattern\u00bb padding_top=\u00bb75&#8243; padding_bottom=\u00bb75&#8243; z_index=\u00bb\u00bb anchor=\u00bbinici\u00bb][vc_column][vc_column_text]<\/p>\n<h1>BLOG DE ART\u00cdCULOS DE REFORMAS<\/h1>\n<p>[\/vc_column_text][vc_separator type=\u00bbsmall\u00bb position=\u00bbleft\u00bb color=\u00bb#0a0a0a\u00bb transparency=\u00bb1&#8243; thickness=\u00bb1&#8243; width=\u00bb63&#8243; up=\u00bb19&#8243; down=\u00bb30&#8243;][vc_column_text]En esta secci\u00f3n te presentamos art\u00edculos relacionados con el mundo del dise\u00f1o de interiores, arquitectura, reforma de viviendas, cocinas, ba\u00f1os&#8230; Queremos darte informaci\u00f3n pr\u00e1ctica y ordenada y explicarte lo que es tendencia en el momento actual. \u00a1Esperamos que todo lo que encontrar\u00e1s te sea \u00fatil![\/vc_column_text][\/vc_column][\/vc_row][vc_row css_animation=\u00bb\u00bb row_type=\u00bbrow\u00bb use_row_as_full_screen_section=\u00bbno\u00bb type=\u00bbgrid\u00bb angled_section=\u00bbno\u00bb text_align=\u00bbleft\u00bb background_image_as_pattern=\u00bbwithout_pattern\u00bb z_index=\u00bb\u00bb][vc_column]<div class='q_masonry_blog'><div class=\"q_masonry_blog_grid_sizer\"><\/div><div class=\"q_masonry_blog_grid_gutter\"><\/div><article class=\"post-861 post type-post status-publish format-standard has-post-thumbnail hentry category-diseno-y-reforma-de-cocinas category-diseno-y-reforma-de-viviendas\"><div class=\"q_masonry_blog_post_image\"><a itemprop=\"url\" href=\"https:\/\/www.reformahabitatge.com\/es\/la-importancia-de-contratar-un-estudio-de-cocina-en-la-reforma-de-tu-vivienda\/\" target=\"_self\"><img decoding=\"async\" itemprop=\"image\" src=\"https:\/\/www.reformahabitatge.com\/wp-content\/uploads\/2023\/09\/instal-reforma-habitatge-blog-la-importancia-de-contractra-a-un-estudi-de-cuina-en-la-reforma-de-la-teva-vivenda.jpg\" alt=\"Cuina amb terra de parquet, mobles blanc i illa amb sobre de marbre acabat en cascada.\" \/><\/a><\/div><div class=\"q_masonry_blog_post_text\"><h2 itemprop=\"name\" class=\"q_masonry_blog_title entry_title\"><a itemprop=\"url\" href=\"https:\/\/www.reformahabitatge.com\/es\/la-importancia-de-contratar-un-estudio-de-cocina-en-la-reforma-de-tu-vivienda\/\">La importancia de contratar un estudio de cocina en la reforma de tu vivienda<\/a><\/h2><p itemprop=\"description\" class=\"q_masonry_blog_excerpt\"><br \/><br \/>Contratar a un estudio especializado en dise\u00f1o de cocinas y ba\u00f1os es fundamental para una reforma exitosa y satisfactoria en tu vivienda por varias razones cruciales. <a class=\"continue\" href=\"https:\/\/www.reformahabitatge.com\/es\/la-importancia-de-contratar-un-estudio-de-cocina-en-la-reforma-de-tu-vivienda\/\">CONTINUAR &gt;&gt;<span> La importancia de contratar un estudio de cocina en la reforma de tu vivienda<\/span><\/a>...<\/p><div class=\"q_masonry_blog_post_info\"><span itemprop=\"dateCreated\" class=\"time entry_date updated\">25 septiembre, 2023<meta itemprop=\"interactionCount\" content=\"UserComments:0\"\/><\/span><\/div><\/div><\/article><article class=\"post-863 post type-post status-publish format-standard has-post-thumbnail hentry category-diseno-y-reforma-de-banos category-diseno-y-reforma-de-viviendas\"><div class=\"q_masonry_blog_post_image\"><a itemprop=\"url\" href=\"https:\/\/www.reformahabitatge.com\/es\/a-la-hora-de-reformar-sanitario-suspendido-o-sanitario-a-ras-de-suelo\/\" target=\"_self\"><img decoding=\"async\" itemprop=\"image\" src=\"https:\/\/www.reformahabitatge.com\/wp-content\/uploads\/2023\/09\/instal-reforma-habitatge-blog-sanitari-suspes-vs-sanitari-a-ras-de-terra-01.jpg\" alt=\"Bany de tons marrons amb plat de dutxa amb mampara, bidet susp\u00e8s, WC susp\u00e8s i pica de disseny a sobre del moble.\" \/><\/a><\/div><div class=\"q_masonry_blog_post_text\"><h2 itemprop=\"name\" class=\"q_masonry_blog_title entry_title\"><a itemprop=\"url\" href=\"https:\/\/www.reformahabitatge.com\/es\/a-la-hora-de-reformar-sanitario-suspendido-o-sanitario-a-ras-de-suelo\/\">\u00bfA la hora de reformar, sanitario suspendido o sanitario a ras de suelo?<\/a><\/h2><p itemprop=\"description\" class=\"q_masonry_blog_excerpt\"><br \/><br \/>La elecci\u00f3n entre un sanitario suspendido y un sanitario a ras de suelo en una reforma depender\u00e1 de diversos factores, incluyendo el estilo de dise\u00f1o, el espacio disponible, las preferencias personales y las necesidades de los usuarios. Aqu\u00ed te presento algunas consideraciones para ayudarte a tomar una decisi\u00f3n informada. <a class=\"continue\" href=\"https:\/\/www.reformahabitatge.com\/es\/a-la-hora-de-reformar-sanitario-suspendido-o-sanitario-a-ras-de-suelo\/\">CONTINUAR &gt;&gt;<span> \u00bfA la hora de reformar, sanitario suspendido o sanitario a ras de suelo?<\/span><\/a>...<\/p><div class=\"q_masonry_blog_post_info\"><span itemprop=\"dateCreated\" class=\"time entry_date updated\">25 septiembre, 2023<meta itemprop=\"interactionCount\" content=\"UserComments:0\"\/><\/span><\/div><\/div><\/article><article class=\"post-869 post type-post status-publish format-standard has-post-thumbnail hentry category-diseno-y-reforma-de-cocinas category-diseno-y-reforma-de-viviendas\"><div class=\"q_masonry_blog_post_image\"><a itemprop=\"url\" href=\"https:\/\/www.reformahabitatge.com\/es\/tendencias-a-la-hora-de-disenar-y-realizar-la-reforma-de-una-cocina\/\" target=\"_self\"><img decoding=\"async\" itemprop=\"image\" src=\"https:\/\/www.reformahabitatge.com\/wp-content\/uploads\/2023\/09\/instal-reforma-habitatge-blog-tendencies-a-l-hora-de-dissenyar-i-realitzar-la-reforma-d-una-cuina.jpg\" alt=\"Cuina amb mobles blancs, illa amb sobre de marbre i moble gran de paret amb forn, microones i molt espai d&#039;emmagatzematge.\" \/><\/a><\/div><div class=\"q_masonry_blog_post_text\"><h2 itemprop=\"name\" class=\"q_masonry_blog_title entry_title\"><a itemprop=\"url\" href=\"https:\/\/www.reformahabitatge.com\/es\/tendencias-a-la-hora-de-disenar-y-realizar-la-reforma-de-una-cocina\/\">Tendencias a la hora de dise\u00f1ar y realizar la reforma de una cocina<\/a><\/h2><p itemprop=\"description\" class=\"q_masonry_blog_excerpt\"><br \/><br \/>Dise\u00f1o de cocina abierta: Las cocinas abiertas que se integran con el espacio de estar o comedor siguen siendo populares. Esto fomenta la interacci\u00f3n social y crea un ambiente m\u00e1s acogedor.\r\nColores neutros con toques de color: Los tonos neutros como el blanco, gris y beige siguen siendo populares para los muebles y gabinetes. Sin embargo, se est\u00e1n introduciendo toques de color en detalles como baldosas, electrodom\u00e9sticos o accesorios para a\u00f1adir personalidad y estilo. <a class=\"continue\" href=\"https:\/\/www.reformahabitatge.com\/es\/tendencias-a-la-hora-de-disenar-y-realizar-la-reforma-de-una-cocina\/\">CONTINUAR &gt;&gt;<span> Tendencias a la hora de dise\u00f1ar y realizar la reforma de una cocina<\/span><\/a>...<\/p><div class=\"q_masonry_blog_post_info\"><span itemprop=\"dateCreated\" class=\"time entry_date updated\">18 septiembre, 2023<meta itemprop=\"interactionCount\" content=\"UserComments:0\"\/><\/span><\/div><\/div><\/article><\/div>[\/vc_column][\/vc_row]<\/p>\n<\/div>","protected":false},"excerpt":{"rendered":"<p>[vc_row css_animation=\u00bb\u00bb row_type=\u00bbrow\u00bb use_row_as_full_screen_section=\u00bbno\u00bb type=\u00bbgrid\u00bb angled_section=\u00bbno\u00bb text_align=\u00bbleft\u00bb background_image_as_pattern=\u00bbwithout_pattern\u00bb z_index=\u00bb\u00bb padding_top=\u00bb30&#8243;][vc_column][vc_column_text] Inicio &gt;&gt; Blog [\/vc_column_text][\/vc_column][\/vc_row][vc_row css_animation=\u00bb\u00bb row_type=\u00bbrow\u00bb use_row_as_full_screen_section=\u00bbno\u00bb type=\u00bbgrid\u00bb angled_section=\u00bbno\u00bb text_align=\u00bbleft\u00bb background_image_as_pattern=\u00bbwithout_pattern\u00bb padding_top=\u00bb75&#8243; padding_bottom=\u00bb75&#8243; z_index=\u00bb\u00bb anchor=\u00bbinici\u00bb][vc_column][vc_column_text] BLOG DE ART\u00cdCULOS DE REFORMAS [\/vc_column_text][vc_separator type=\u00bbsmall\u00bb position=\u00bbleft\u00bb color=\u00bb#0a0a0a\u00bb transparency=\u00bb1&#8243; thickness=\u00bb1&#8243; width=\u00bb63&#8243; up=\u00bb19&#8243; down=\u00bb30&#8243;][vc_column_text]En esta secci\u00f3n te presentamos art\u00edculos relacionados&hellip; <a class=\"continue\" href=\"https:\/\/www.reformahabitatge.com\/es\/tendencias-a-la-hora-de-disenar-y-realizar-la-reforma-de-una-cocina\/\">CONTINUAR >><span> Tendencias a la hora de dise\u00f1ar y realizar la reforma de una cocina<\/span><\/a> <a class=\"continue\" href=\"https:\/\/www.reformahabitatge.com\/es\/tendencias-a-la-hora-de-disenar-y-realizar-la-reforma-de-una-cocina\/\">CONTINUAR >><span> Tendencias a la hora de dise\u00f1ar y realizar la reforma de una cocina<\/span><\/a><\/p>\n","protected":false},"author":1,"featured_media":0,"parent":0,"menu_order":0,"comment_status":"closed","ping_status":"closed","template":"","meta":{"_joinchat":[],"footnotes":""},"class_list":["post-874","page","type-page","status-publish","hentry"],"_links":{"self":[{"href":"https:\/\/www.reformahabitatge.com\/es\/wp-json\/wp\/v2\/pages\/874","targetHints":{"allow":["GET"]}}],"collection":[{"href":"https:\/\/www.reformahabitatge.com\/es\/wp-json\/wp\/v2\/pages"}],"about":[{"href":"https:\/\/www.reformahabitatge.com\/es\/wp-json\/wp\/v2\/types\/page"}],"author":[{"embeddable":true,"href":"https:\/\/www.reformahabitatge.com\/es\/wp-json\/wp\/v2\/users\/1"}],"replies":[{"embeddable":true,"href":"https:\/\/www.reformahabitatge.com\/es\/wp-json\/wp\/v2\/comments?post=874"}],"version-history":[{"count":1,"href":"https:\/\/www.reformahabitatge.com\/es\/wp-json\/wp\/v2\/pages\/874\/revisions"}],"predecessor-version":[{"id":875,"href":"https:\/\/www.reformahabitatge.com\/es\/wp-json\/wp\/v2\/pages\/874\/revisions\/875"}],"wp:attachment":[{"href":"https:\/\/www.reformahabitatge.com\/es\/wp-json\/wp\/v2\/media?parent=874"}],"curies":[{"name":"wp","href":"https:\/\/api.w.org\/{rel}","templated":true}]}}