{"id":888,"date":"2018-03-14T10:54:48","date_gmt":"2018-03-14T08:54:48","guid":{"rendered":"https:\/\/reformahabitatge.com\/?page_id=888"},"modified":"2023-10-03T10:54:47","modified_gmt":"2023-10-03T08:54:47","slug":"inicio","status":"publish","type":"page","link":"https:\/\/www.reformahabitatge.com\/es\/","title":{"rendered":"INICIO"},"content":{"rendered":"<div class=\"wpb-content-wrapper\"><p>[vc_row css_animation=\u00bb\u00bb row_type=\u00bbrow\u00bb use_row_as_full_screen_section=\u00bbno\u00bb type=\u00bbfull_width\u00bb angled_section=\u00bbno\u00bb text_align=\u00bbleft\u00bb background_image_as_pattern=\u00bbwithout_pattern\u00bb z_index=\u00bb\u00bb][vc_column][rev_slider_vc alias=\u00bbhome-slider-1&#8243;][\/vc_column][\/vc_row][vc_row css_animation=\u00bb\u00bb row_type=\u00bbrow\u00bb use_row_as_full_screen_section=\u00bbno\u00bb type=\u00bbgrid\u00bb angled_section=\u00bbno\u00bb text_align=\u00bbcenter\u00bb background_image_as_pattern=\u00bbwithout_pattern\u00bb padding_top=\u00bb75&#8243; padding_bottom=\u00bb50&#8243; z_index=\u00bb\u00bb anchor=\u00bbinici\u00bb][vc_column][vc_column_text]<\/p>\n<h1>REFORMAS INTEGRALES DE VIVIENDAS<\/h1>\n<p>[\/vc_column_text][vc_separator type=\u00bbsmall\u00bb position=\u00bbcenter\u00bb color=\u00bb#0a0a0a\u00bb transparency=\u00bb1&#8243; thickness=\u00bb1&#8243; width=\u00bb63&#8243; up=\u00bb21&#8243; down=\u00bb20&#8243;][\/vc_column][\/vc_row][vc_row css_animation=\u00bb\u00bb row_type=\u00bbrow\u00bb use_row_as_full_screen_section=\u00bbno\u00bb type=\u00bbgrid\u00bb angled_section=\u00bbno\u00bb text_align=\u00bbleft\u00bb background_image_as_pattern=\u00bbwithout_pattern\u00bb padding_bottom=\u00bb50&#8243; z_index=\u00bb\u00bb][vc_column offset=\u00bbvc_col-md-4&#8243;][vc_single_image image=\u00bb848&#8243; img_size=\u00bbfull\u00bb qode_css_animation=\u00bb\u00bb][vc_empty_space height=\u00bb25px\u00bb][vc_column_text]<\/p>\n<h2>REFORMA DE VIVIENDAS<\/h2>\n<p>[\/vc_column_text][vc_separator type=\u00bbsmall\u00bb position=\u00bbleft\u00bb color=\u00bb#000000&#8243; thickness=\u00bb1&#8243; width=\u00bb63&#8243; up=\u00bb15&#8243; down=\u00bb25&#8243;][vc_column_text]Te asesoramos y acompa\u00f1amos en el dise\u00f1o del proyecto, te presentamos propuestas seg\u00fan tus necesidades y presupuesto. Te ofrecemos una buena ejecuci\u00f3n de obra de acuerdo a las normativas actuales y dentro del plazo acordado.[\/vc_column_text][vc_empty_space height=\u00bb30px\u00bb]<a  itemprop=\"url\" href=\"\/es\/reforma-de-viviendas\/\" target=\"_self\"  class=\"qbutton  default\" style=\"\">M\u00c1S INFORMACI\u00d3N<\/a>[vc_empty_space height=\u00bb50px\u00bb][\/vc_column][vc_column offset=\u00bbvc_col-md-4&#8243;][vc_single_image image=\u00bb857&#8243; img_size=\u00bbfull\u00bb qode_css_animation=\u00bb\u00bb][vc_empty_space height=\u00bb25px\u00bb][vc_column_text]<\/p>\n<h2>REFORMA DE COCINAS<\/h2>\n<p>[\/vc_column_text][vc_separator type=\u00bbsmall\u00bb position=\u00bbleft\u00bb color=\u00bb#000000&#8243; thickness=\u00bb1&#8243; width=\u00bb63&#8243; up=\u00bb15&#8243; down=\u00bb25&#8243;][vc_column_text]Contamos con soluciones pr\u00e1cticas que se ajustan a tus necesidades, con una buena organizaci\u00f3n y optimizaci\u00f3n del espacio. Supervisamos todo el proceso de reforma de la cocina, ajust\u00e1ndonos en tiempo y presupuesto. Disponemos de las \u00faltimas tendencias en muebles de cocina, accesorios, encimeras, baldosas y electrodom\u00e9sticos.[\/vc_column_text][vc_empty_space height=\u00bb30px\u00bb]<a  itemprop=\"url\" href=\"\/es\/reforma-de-cocinas\/\" target=\"_self\"  class=\"qbutton  default\" style=\"\">M\u00c1S INFORMACI\u00d3N<\/a>[vc_empty_space height=\u00bb50px\u00bb][\/vc_column][vc_column offset=\u00bbvc_col-md-4&#8243;][vc_single_image image=\u00bb794&#8243; img_size=\u00bbfull\u00bb qode_css_animation=\u00bb\u00bb][vc_empty_space height=\u00bb25px\u00bb][vc_column_text]<\/p>\n<h2>REFORMA DE BA\u00d1OS<\/h2>\n<p>[\/vc_column_text][vc_separator type=\u00bbsmall\u00bb position=\u00bbleft\u00bb color=\u00bb#000000&#8243; thickness=\u00bb1&#8243; width=\u00bb63&#8243; up=\u00bb15&#8243; down=\u00bb25&#8243;][vc_column_text]Hacemos el dise\u00f1o del proyecto, con soluciones pr\u00e1cticas a tus necesidades y una buena optimizaci\u00f3n del espacio. Supervisamos todo el proceso de reforma del ba\u00f1o, ajust\u00e1ndonos en tiempo y presupuesto. Disponemos de las \u00faltimas tendencias en modelos de muebles de ba\u00f1o, sanitarios, mamparas de ducha, grifos y baldosas.[\/vc_column_text][vc_empty_space height=\u00bb30px\u00bb]<a  itemprop=\"url\" href=\"\/es\/reforma-de-banos\/\" target=\"_self\"  class=\"qbutton  default\" style=\"\">M\u00c1S INFORMACI\u00d3N<\/a>[\/vc_column][\/vc_row]<\/p>\n<\/div>","protected":false},"excerpt":{"rendered":"<p>[vc_row css_animation=\u00bb\u00bb row_type=\u00bbrow\u00bb use_row_as_full_screen_section=\u00bbno\u00bb type=\u00bbfull_width\u00bb angled_section=\u00bbno\u00bb text_align=\u00bbleft\u00bb background_image_as_pattern=\u00bbwithout_pattern\u00bb z_index=\u00bb\u00bb][vc_column][rev_slider_vc alias=\u00bbhome-slider-1&#8243;][\/vc_column][\/vc_row][vc_row css_animation=\u00bb\u00bb row_type=\u00bbrow\u00bb use_row_as_full_screen_section=\u00bbno\u00bb type=\u00bbgrid\u00bb angled_section=\u00bbno\u00bb text_align=\u00bbcenter\u00bb background_image_as_pattern=\u00bbwithout_pattern\u00bb padding_top=\u00bb75&#8243; padding_bottom=\u00bb50&#8243; z_index=\u00bb\u00bb anchor=\u00bbinici\u00bb][vc_column][vc_column_text] REFORMAS INTEGRALES DE VIVIENDAS [\/vc_column_text][vc_separator type=\u00bbsmall\u00bb position=\u00bbcenter\u00bb color=\u00bb#0a0a0a\u00bb transparency=\u00bb1&#8243; thickness=\u00bb1&#8243; width=\u00bb63&#8243; up=\u00bb21&#8243; down=\u00bb20&#8243;][\/vc_column][\/vc_row][vc_row css_animation=\u00bb\u00bb row_type=\u00bbrow\u00bb use_row_as_full_screen_section=\u00bbno\u00bb type=\u00bbgrid\u00bb angled_section=\u00bbno\u00bb text_align=\u00bbleft\u00bb background_image_as_pattern=\u00bbwithout_pattern\u00bb padding_bottom=\u00bb50&#8243; z_index=\u00bb\u00bb][vc_column offset=\u00bbvc_col-md-4&#8243;][vc_single_image image=\u00bb848&#8243;&hellip; <a class=\"continue\" href=\"https:\/\/www.reformahabitatge.com\/es\/\">CONTINUAR >><span> INICIO<\/span><\/a><\/p>\n","protected":false},"author":1,"featured_media":0,"parent":0,"menu_order":0,"comment_status":"closed","ping_status":"closed","template":"full_width.php","meta":{"_joinchat":[],"footnotes":""},"class_list":["post-888","page","type-page","status-publish","hentry"],"_links":{"self":[{"href":"https:\/\/www.reformahabitatge.com\/es\/wp-json\/wp\/v2\/pages\/888","targetHints":{"allow":["GET"]}}],"collection":[{"href":"https:\/\/www.reformahabitatge.com\/es\/wp-json\/wp\/v2\/pages"}],"about":[{"href":"https:\/\/www.reformahabitatge.com\/es\/wp-json\/wp\/v2\/types\/page"}],"author":[{"embeddable":true,"href":"https:\/\/www.reformahabitatge.com\/es\/wp-json\/wp\/v2\/users\/1"}],"replies":[{"embeddable":true,"href":"https:\/\/www.reformahabitatge.com\/es\/wp-json\/wp\/v2\/comments?post=888"}],"version-history":[{"count":4,"href":"https:\/\/www.reformahabitatge.com\/es\/wp-json\/wp\/v2\/pages\/888\/revisions"}],"predecessor-version":[{"id":914,"href":"https:\/\/www.reformahabitatge.com\/es\/wp-json\/wp\/v2\/pages\/888\/revisions\/914"}],"wp:attachment":[{"href":"https:\/\/www.reformahabitatge.com\/es\/wp-json\/wp\/v2\/media?parent=888"}],"curies":[{"name":"wp","href":"https:\/\/api.w.org\/{rel}","templated":true}]}}