{"id":891,"date":"2018-03-15T08:23:22","date_gmt":"2018-03-15T06:23:22","guid":{"rendered":"https:\/\/reformahabitatge.com\/?page_id=891"},"modified":"2023-10-03T10:57:13","modified_gmt":"2023-10-03T08:57:13","slug":"la-empresa","status":"publish","type":"page","link":"https:\/\/www.reformahabitatge.com\/es\/la-empresa\/","title":{"rendered":"LA EMPRESA"},"content":{"rendered":"<div class=\"wpb-content-wrapper\"><p>[vc_row css_animation=\u00bb\u00bb row_type=\u00bbrow\u00bb use_row_as_full_screen_section=\u00bbno\u00bb type=\u00bbgrid\u00bb angled_section=\u00bbno\u00bb text_align=\u00bbleft\u00bb background_image_as_pattern=\u00bbwithout_pattern\u00bb z_index=\u00bb\u00bb padding_top=\u00bb30&#8243;][vc_column][vc_column_text]<\/p>\n<p style=\"text-align: right;\"><a href=\"\/es\/\">Inicio<\/a> &gt;&gt; La empresa<\/p>\n<p>[\/vc_column_text][\/vc_column][\/vc_row][vc_row css_animation=\u00bb\u00bb row_type=\u00bbrow\u00bb use_row_as_full_screen_section=\u00bbno\u00bb type=\u00bbgrid\u00bb angled_section=\u00bbno\u00bb text_align=\u00bbleft\u00bb background_image_as_pattern=\u00bbwithout_pattern\u00bb padding_top=\u00bb75&#8243; padding_bottom=\u00bb75&#8243; z_index=\u00bb\u00bb anchor=\u00bbinici\u00bb][vc_column offset=\u00bbvc_col-md-6&#8243;][vc_single_image image=\u00bb494&#8243; img_size=\u00bbfull\u00bb qode_css_animation=\u00bb\u00bb][vc_empty_space height=\u00bb50&#8243;][\/vc_column][vc_column offset=\u00bbvc_col-md-6&#8243; css=\u00bb.vc_custom_1695636239195{padding-left: 10% !important;}\u00bb][vc_column_text]<\/p>\n<h1>HABITATGE, CON UNA EXPERIENCIA DE 40 A\u00d1OS<\/h1>\n<p>[\/vc_column_text][vc_separator type=\u00bbsmall\u00bb position=\u00bbleft\u00bb color=\u00bb#0a0a0a\u00bb transparency=\u00bb1&#8243; thickness=\u00bb1&#8243; width=\u00bb63&#8243; up=\u00bb33&#8243; down=\u00bb45&#8243;][vc_column_text]Somos una empresa con un equipo t\u00e9cnico de profesionales altamente calificados y especialistas en el sector de la reforma integral de la vivienda, cocina, ba\u00f1o, muebles de cocina, puertas, parquets, proyectos el\u00e9ctricos y proyectos de arquitectura de interiores.<\/p>\n<p>&nbsp;<\/p>\n<p>Tenemos una experiencia en el sector de m\u00e1s de 40 a\u00f1os, que son nuestra mayor carta de presentaci\u00f3n y garant\u00eda del trabajo bien hecho.[\/vc_column_text][vc_empty_space height=\u00bb50&#8243;]<a  itemprop=\"url\" href=\"\/es\/contacto\" target=\"_self\"  class=\"qbutton  default\" style=\"\">CONT\u00c1CTANOS<\/a>[\/vc_column][\/vc_row][vc_row css_animation=\u00bb\u00bb row_type=\u00bbrow\u00bb use_row_as_full_screen_section=\u00bbno\u00bb type=\u00bbgrid\u00bb angled_section=\u00bbno\u00bb text_align=\u00bbleft\u00bb background_image_as_pattern=\u00bbwithout_pattern\u00bb padding_top=\u00bb75&#8243; padding_bottom=\u00bb75&#8243; z_index=\u00bb\u00bb css=\u00bb.vc_custom_1695636690395{background-color: #f7f7f7 !important;}\u00bb][vc_column][vc_column_text]<\/p>\n<h2 style=\"text-align: center;\">TENEMOS UN DEPARTAMENTO ESPECIALISTA EN REFORMAS INTEGRALES DE VIVIENDAS, REFORMAS DE COCINAS Y REFORMAS DE BA\u00d1OS:<\/h2>\n<p>[\/vc_column_text][vc_separator type=\u00bbsmall\u00bb position=\u00bbcenter\u00bb color=\u00bb#000000&#8243; thickness=\u00bb1&#8243; width=\u00bb63&#8243; up=\u00bb25&#8243; down=\u00bb75&#8243;][vc_row_inner row_type=\u00bbrow\u00bb type=\u00bbfull_width\u00bb text_align=\u00bbleft\u00bb css_animation=\u00bb\u00bb][vc_column_inner width=\u00bb1\/2&#8243; css=\u00bb.vc_custom_1695889920116{padding-right: 10% !important;padding-left: 10% !important;}\u00bb]<div class=\"q_icon_list\"><i class=\"qode_icon_font_awesome fa fa-arrow-right qode-ili-icon-holder transparent\" style=\"color: #5f1320;\" ><\/i><p style=\"font-size: 20px;\">Las \u00faltimas tendencias y la m\u00e1xima calidad.<\/p><\/div><div class=\"q_icon_list\"><i class=\"qode_icon_font_awesome fa fa-arrow-right qode-ili-icon-holder transparent\" style=\"color: #5f1320;\" ><\/i><p style=\"font-size: 20px;\">Soluciones pr\u00e1cticas, elegantes y atractivas.<\/p><\/div><div class=\"q_icon_list\"><i class=\"qode_icon_font_awesome fa fa-arrow-right qode-ili-icon-holder transparent\" style=\"color: #5f1320;\" ><\/i><p style=\"font-size: 20px;\">Optimizaci\u00f3n y dise\u00f1o del espacio.<\/p><\/div><div class=\"q_icon_list\"><i class=\"qode_icon_font_awesome fa fa-arrow-right qode-ili-icon-holder transparent\" style=\"color: #5f1320;\" ><\/i><p style=\"font-size: 20px;\">Asesoramiento con seguimiento personal de cada proyecto.<\/p><\/div><div class=\"q_icon_list\"><i class=\"qode_icon_font_awesome fa fa-arrow-right qode-ili-icon-holder transparent\" style=\"color: #5f1320;\" ><\/i><p style=\"font-size: 20px;\">Ejecuci\u00f3n r\u00e1pida y \u00f3ptima de todos nuestros trabajos con supervisi\u00f3n de obra y control de calidad.<\/p><\/div><div class=\"q_icon_list\"><i class=\"qode_icon_font_awesome fa fa-arrow-right qode-ili-icon-holder transparent\" style=\"color: #5f1320;\" ><\/i><p style=\"font-size: 20px;\">Supervisi\u00f3n diaria por nuestros t\u00e9cnicos de direcci\u00f3n de obra para que todo fluya sin p\u00e9rdidas de tiempo.<\/p><\/div>[\/vc_column_inner][vc_column_inner width=\u00bb1\/2&#8243; css=\u00bb.vc_custom_1695889935210{padding-right: 10% !important;padding-left: 10% !important;}\u00bb]<div class=\"q_icon_list\"><i class=\"qode_icon_font_awesome fa fa-arrow-right qode-ili-icon-holder transparent\" style=\"color: #5f1320;\" ><\/i><p style=\"font-size: 20px;\">Trato personalizado donde, junto a ti, dise\u00f1aremos el hogar de tus sue\u00f1os.<\/p><\/div><div class=\"q_icon_list\"><i class=\"qode_icon_font_awesome fa fa-arrow-right qode-ili-icon-holder transparent\" style=\"color: #5f1320;\" ><\/i><p style=\"font-size: 20px;\">Creamos espacios \u00fanicos donde impera la calidad de los materiales y la calidad en la ejecuci\u00f3n de la obra.<\/p><\/div><div class=\"q_icon_list\"><i class=\"qode_icon_font_awesome fa fa-arrow-right qode-ili-icon-holder transparent\" style=\"color: #5f1320;\" ><\/i><p style=\"font-size: 20px;\">Trabajamos con todas las principales marcas del mercado: Grohe, Roca, Bosch, Siemens, Pando, Junkers, etc.<\/p><\/div><div class=\"q_icon_list\"><i class=\"qode_icon_font_awesome fa fa-arrow-right qode-ili-icon-holder transparent\" style=\"color: #5f1320;\" ><\/i><p style=\"font-size: 20px;\">Nos adaptamos a tu presupuesto.<\/p><\/div><div class=\"q_icon_list\"><i class=\"qode_icon_font_awesome fa fa-arrow-right qode-ili-icon-holder transparent\" style=\"color: #5f1320;\" ><\/i><p style=\"font-size: 20px;\">Mobiliario de cocina con 5 a\u00f1os de garant\u00eda.<\/p><\/div><div class=\"q_icon_list\"><i class=\"qode_icon_font_awesome fa fa-arrow-right qode-ili-icon-holder transparent\" style=\"color: #5f1320;\" ><\/i><p style=\"font-size: 20px;\">Garant\u00eda de hasta 5 a\u00f1os en nuestros trabajos.<\/p><\/div>[\/vc_column_inner][\/vc_row_inner][\/vc_column][\/vc_row][vc_row css_animation=\u00bb\u00bb row_type=\u00bbrow\u00bb use_row_as_full_screen_section=\u00bbno\u00bb type=\u00bbfull_width\u00bb angled_section=\u00bbno\u00bb text_align=\u00bbleft\u00bb background_image_as_pattern=\u00bbwithout_pattern\u00bb][vc_column]<div class=\"call_to_action normal\" style=\"background-color: #5f1320;padding-top: 50px;padding-bottom: 50px;\"><div class=\"container_inner\"><div class=\"two_columns_75_25 clearfix\"><div class=\"text_wrapper column1\"><div class=\"call_to_action_text  font_size_inherit font_weight_inherit\" style=\"font-size:24px;font-weight: 400;\">Vis\u00edtanos o contacta con nosotros, p\u00eddenos presupuesto y convierte tu casa en tu casa so\u00f1ada. \u00a1Seguro que sabremos cumplir tus expectativas!<\/div><\/div><div class=\"button_wrapper column2\"><a itemprop=\"url\" href=\"\/es\/contacto\" class=\"qbutton white \" target=\"_self\" style=\"color: #ffffff;border-color: #ffffff;background-color:#5f1320;\" data-hover-background-color=#303030 data-hover-border-color=#ffffff data-hover-color=#ffffff>CONT\u00c1CTANOS<\/a><\/div><\/div><\/div><\/div>[\/vc_column][\/vc_row][vc_row css_animation=\u00bb\u00bb row_type=\u00bbrow\u00bb use_row_as_full_screen_section=\u00bbno\u00bb type=\u00bbfull_width\u00bb angled_section=\u00bbno\u00bb text_align=\u00bbleft\u00bb background_image_as_pattern=\u00bbwithout_pattern\u00bb][vc_column][vc_gallery type=\u00bbimage_grid\u00bb images=\u00bb500,743,496,502,494,498&#8243; img_size=\u00bbfull\u00bb column_number=\u00bb6&#8243; grayscale=\u00bbno\u00bb images_space=\u00bbgallery_without_space\u00bb][\/vc_column][\/vc_row]<\/p>\n<\/div>","protected":false},"excerpt":{"rendered":"<p>[vc_row css_animation=\u00bb\u00bb row_type=\u00bbrow\u00bb use_row_as_full_screen_section=\u00bbno\u00bb type=\u00bbgrid\u00bb angled_section=\u00bbno\u00bb text_align=\u00bbleft\u00bb background_image_as_pattern=\u00bbwithout_pattern\u00bb z_index=\u00bb\u00bb padding_top=\u00bb30&#8243;][vc_column][vc_column_text] Inicio &gt;&gt; La empresa [\/vc_column_text][\/vc_column][\/vc_row][vc_row css_animation=\u00bb\u00bb row_type=\u00bbrow\u00bb use_row_as_full_screen_section=\u00bbno\u00bb type=\u00bbgrid\u00bb angled_section=\u00bbno\u00bb text_align=\u00bbleft\u00bb background_image_as_pattern=\u00bbwithout_pattern\u00bb padding_top=\u00bb75&#8243; padding_bottom=\u00bb75&#8243; z_index=\u00bb\u00bb anchor=\u00bbinici\u00bb][vc_column offset=\u00bbvc_col-md-6&#8243;][vc_single_image image=\u00bb494&#8243; img_size=\u00bbfull\u00bb qode_css_animation=\u00bb\u00bb][vc_empty_space height=\u00bb50&#8243;][\/vc_column][vc_column offset=\u00bbvc_col-md-6&#8243; css=\u00bb.vc_custom_1695636239195{padding-left: 10% !important;}\u00bb][vc_column_text] HABITATGE, CON UNA EXPERIENCIA DE 40 A\u00d1OS [\/vc_column_text][vc_separator type=\u00bbsmall\u00bb position=\u00bbleft\u00bb&hellip; <a class=\"continue\" href=\"https:\/\/www.reformahabitatge.com\/es\/la-empresa\/\">CONTINUAR >><span> LA EMPRESA<\/span><\/a><\/p>\n","protected":false},"author":1,"featured_media":0,"parent":0,"menu_order":0,"comment_status":"closed","ping_status":"closed","template":"full_width.php","meta":{"_joinchat":[],"footnotes":""},"class_list":["post-891","page","type-page","status-publish","hentry"],"_links":{"self":[{"href":"https:\/\/www.reformahabitatge.com\/es\/wp-json\/wp\/v2\/pages\/891","targetHints":{"allow":["GET"]}}],"collection":[{"href":"https:\/\/www.reformahabitatge.com\/es\/wp-json\/wp\/v2\/pages"}],"about":[{"href":"https:\/\/www.reformahabitatge.com\/es\/wp-json\/wp\/v2\/types\/page"}],"author":[{"embeddable":true,"href":"https:\/\/www.reformahabitatge.com\/es\/wp-json\/wp\/v2\/users\/1"}],"replies":[{"embeddable":true,"href":"https:\/\/www.reformahabitatge.com\/es\/wp-json\/wp\/v2\/comments?post=891"}],"version-history":[{"count":4,"href":"https:\/\/www.reformahabitatge.com\/es\/wp-json\/wp\/v2\/pages\/891\/revisions"}],"predecessor-version":[{"id":917,"href":"https:\/\/www.reformahabitatge.com\/es\/wp-json\/wp\/v2\/pages\/891\/revisions\/917"}],"wp:attachment":[{"href":"https:\/\/www.reformahabitatge.com\/es\/wp-json\/wp\/v2\/media?parent=891"}],"curies":[{"name":"wp","href":"https:\/\/api.w.org\/{rel}","templated":true}]}}