{"id":893,"date":"2023-09-25T18:59:17","date_gmt":"2023-09-25T16:59:17","guid":{"rendered":"https:\/\/reformahabitatge.com\/?page_id=893"},"modified":"2025-02-11T19:33:35","modified_gmt":"2025-02-11T17:33:35","slug":"ofertas","status":"publish","type":"page","link":"https:\/\/www.reformahabitatge.com\/es\/ofertas\/","title":{"rendered":"OFERTAS"},"content":{"rendered":"<div class=\"wpb-content-wrapper\"><p>[vc_row css_animation=\u00bb\u00bb row_type=\u00bbrow\u00bb use_row_as_full_screen_section=\u00bbno\u00bb type=\u00bbgrid\u00bb angled_section=\u00bbno\u00bb text_align=\u00bbleft\u00bb background_image_as_pattern=\u00bbwithout_pattern\u00bb z_index=\u00bb\u00bb padding_top=\u00bb30&#8243;][vc_column][vc_column_text]<\/p>\n<p style=\"text-align: right;\"><a href=\"\/es\/\">Inicio<\/a> &gt;&gt; Ofertas<\/p>\n<p>[\/vc_column_text][\/vc_column][\/vc_row][vc_row css_animation=\u00bb\u00bb row_type=\u00bbrow\u00bb use_row_as_full_screen_section=\u00bbno\u00bb type=\u00bbgrid\u00bb angled_section=\u00bbno\u00bb text_align=\u00bbleft\u00bb background_image_as_pattern=\u00bbwithout_pattern\u00bb padding_top=\u00bb75&#8243; padding_bottom=\u00bb75&#8243; z_index=\u00bb\u00bb anchor=\u00bbinici\u00bb][vc_column css=\u00bb.vc_custom_1695661112130{padding-left: 10% !important;}\u00bb][vc_column_text]<\/p>\n<h1>OFERTAS EN COCINAS Y BA\u00d1OS<\/h1>\n<p>[\/vc_column_text][vc_separator type=\u00bbsmall\u00bb position=\u00bbleft\u00bb color=\u00bb#0a0a0a\u00bb transparency=\u00bb1&#8243; thickness=\u00bb1&#8243; width=\u00bb63&#8243; up=\u00bb33&#8243; down=\u00bb45&#8243;][vc_column_text]Aprovecha las ofertas que te ofrece Habitatge. Aqu\u00ed puedes encontrar reformas de ba\u00f1os y cocinas ajustadas en precio, pero sin dejar de lado la calidad, acabados y garant\u00eda. Si te encaja, \u00a1contacta con nosotros para ajustar la oferta a tu proyecto![\/vc_column_text][vc_empty_space height=\u00bb50&#8243;]<a  itemprop=\"url\" href=\"\/es\/contacto\" target=\"_self\"  class=\"qbutton  default\" style=\"\">CONT\u00c1CTANOS<\/a>[\/vc_column][\/vc_row][vc_row css_animation=\u00bb\u00bb row_type=\u00bbrow\u00bb use_row_as_full_screen_section=\u00bbno\u00bb type=\u00bbgrid\u00bb angled_section=\u00bbno\u00bb text_align=\u00bbleft\u00bb background_image_as_pattern=\u00bbwithout_pattern\u00bb css=\u00bb.vc_custom_1729609223305{background-color: #5f1320 !important;}\u00bb z_index=\u00bb\u00bb padding_top=\u00bb50&#8243; padding_bottom=\u00bb50&#8243;][vc_column]<div class=\"custom_font_holder \" style=\" font-style: normal; font-weight: 800; color: #ffffff; text-decoration: none; text-align: left; --qode-cf-font-size: 48px; --qode-cf-line-height: 48px; --qode-cf-font-size-1440: 48px; --qode-cf-line-height-1440: 48px; --qode-cf-font-size-1366: 48px; --qode-cf-line-height-1366: 48px; --qode-cf-font-size-1280: 48px; --qode-cf-line-height-1280: 48px; --qode-cf-font-size-1024: 48px; --qode-cf-line-height-1024: 48px; --qode-cf-font-size-768: 48px; --qode-cf-line-height-768: 48px; --qode-cf-font-size-680: 48px; --qode-cf-line-height-680: 48px; --qode-cf-font-size-480: 48px; --qode-cf-line-height-480: 48px;\">PROMOCI\u00d3N<\/div>[vc_empty_space height=\u00bb25&#8243;]<div class=\"custom_font_holder \" style=\" font-style: normal; font-weight: 600; color: #ffffff; text-decoration: none; text-align: left; --qode-cf-font-size: 36px; --qode-cf-line-height: 42px; --qode-cf-font-size-1440: 36px; --qode-cf-line-height-1440: 42px; --qode-cf-font-size-1366: 36px; --qode-cf-line-height-1366: 42px; --qode-cf-font-size-1280: 36px; --qode-cf-line-height-1280: 42px; --qode-cf-font-size-1024: 36px; --qode-cf-line-height-1024: 42px; --qode-cf-font-size-768: 36px; --qode-cf-line-height-768: 42px; --qode-cf-font-size-680: 36px; --qode-cf-line-height-680: 42px; --qode-cf-font-size-480: 36px; --qode-cf-line-height-480: 42px;\"><\/div>[\/vc_column][\/vc_row][vc_row css_animation=\u00bb\u00bb row_type=\u00bbrow\u00bb use_row_as_full_screen_section=\u00bbno\u00bb type=\u00bbgrid\u00bb angled_section=\u00bbno\u00bb text_align=\u00bbleft\u00bb background_image_as_pattern=\u00bbwithout_pattern\u00bb css=\u00bb.vc_custom_1729864327624{background-color: #f7f7f7 !important;}\u00bb z_index=\u00bb\u00bb][vc_column][vc_empty_space height=\u00bb75&#8243;][vc_row_inner row_type=\u00bbrow\u00bb type=\u00bbfull_width\u00bb text_align=\u00bbleft\u00bb css_animation=\u00bb\u00bb][vc_column_inner width=\u00bb1\/2&#8243;][vc_single_image image=\u00bb853&#8243; img_size=\u00bbfull\u00bb qode_css_animation=\u00bb\u00bb][vc_empty_space height=\u00bb25&#8243;][\/vc_column_inner][vc_column_inner width=\u00bb1\/2&#8243;][vc_column_text]<\/p>\n<h2 style=\"text-align: left;\">REFORMA DE COCINA<\/h2>\n<p>[\/vc_column_text][vc_separator type=\u00bbsmall\u00bb position=\u00bbleft\u00bb color=\u00bb#0a0a0a\u00bb transparency=\u00bb1&#8243; thickness=\u00bb1&#8243; width=\u00bb63&#8243; up=\u00bb25&#8243; down=\u00bb50&#8243;][vc_column_text]<\/p>\n<ul>\n<li style=\"list-style-type: none;\">\n<ul>\n<li style=\"list-style-type: none;\">\n<ul>\n<li>Cambio de baldosas de la pared y suelo (1\u00aa calidad).<\/li>\n<li>Techo de aluminio o techo de pladur.<\/li>\n<li>Instalaciones para la cocina.<\/li>\n<li>Iluminaci\u00f3n led.<\/li>\n<li>Muebles de 1a calidad.<\/li>\n<li>Encimera de madera, granito o silestone.<\/li>\n<li>Fregadero inox.<\/li>\n<li>Grifo monomando.<\/li>\n<li>Vitrocer\u00e1mica de inducci\u00f3n o placa de gas.<\/li>\n<li>Horno inox.<\/li>\n<li>Campana decorativa inox.<\/li>\n<\/ul>\n<\/li>\n<\/ul>\n<\/li>\n<\/ul>\n<p>&nbsp;<\/p>\n<h3>Desde 9.950\u20ac + IVA<\/h3>\n<p>[\/vc_column_text][vc_empty_space height=\u00bb25&#8243;]<a  itemprop=\"url\" href=\"\/es\/contacto\" target=\"_self\"  class=\"qbutton  default\" style=\"\">M\u00c1S INFORMACI\u00d3N<\/a>[\/vc_column_inner][\/vc_row_inner][vc_empty_space height=\u00bb50&#8243;][\/vc_column][\/vc_row][vc_row css_animation=\u00bb\u00bb row_type=\u00bbrow\u00bb use_row_as_full_screen_section=\u00bbno\u00bb type=\u00bbgrid\u00bb angled_section=\u00bbno\u00bb text_align=\u00bbleft\u00bb background_image_as_pattern=\u00bbwithout_pattern\u00bb z_index=\u00bb\u00bb][vc_column][vc_empty_space height=\u00bb75&#8243;][vc_row_inner row_type=\u00bbrow\u00bb type=\u00bbfull_width\u00bb text_align=\u00bbleft\u00bb css_animation=\u00bb\u00bb][vc_column_inner width=\u00bb1\/2&#8243;][vc_single_image image=\u00bb747&#8243; img_size=\u00bbfull\u00bb qode_css_animation=\u00bb\u00bb][vc_empty_space height=\u00bb25&#8243;][\/vc_column_inner][vc_column_inner width=\u00bb1\/2&#8243;][vc_column_text]<\/p>\n<h2 style=\"text-align: left;\">REFORMA DE BA\u00d1O<\/h2>\n<p>[\/vc_column_text][vc_separator type=\u00bbsmall\u00bb position=\u00bbleft\u00bb color=\u00bb#0a0a0a\u00bb transparency=\u00bb1&#8243; thickness=\u00bb1&#8243; width=\u00bb63&#8243; up=\u00bb25&#8243; down=\u00bb50&#8243;][vc_column_text]<\/p>\n<ul>\n<li style=\"list-style-type: none;\">\n<ul>\n<li style=\"list-style-type: none;\">\n<ul>\n<li>Cambio de baldosas de la pared y del suelo (1\u00aa calidad).<\/li>\n<li>Techo de aluminio o de pladur.<\/li>\n<li>Iluminaci\u00f3n techo.<\/li>\n<li>Mueble y espejo para el aseo.<\/li>\n<li>Instalaciones para el ba\u00f1o.<\/li>\n<li>Sanitario de porcelana.<\/li>\n<li>Grifos monomando.<\/li>\n<li>Mampara de ba\u00f1o o ducha.<\/li>\n<\/ul>\n<\/li>\n<\/ul>\n<\/li>\n<\/ul>\n<p>&nbsp;<\/p>\n<h3>Desde 5.590\u20ac + IVA<\/h3>\n<p>[\/vc_column_text][vc_empty_space height=\u00bb25&#8243;]<a  itemprop=\"url\" href=\"\/es\/contacto\" target=\"_self\"  class=\"qbutton  default\" style=\"\">M\u00c1S INFORMACI\u00d3N<\/a>[\/vc_column_inner][\/vc_row_inner][vc_empty_space height=\u00bb50&#8243;][\/vc_column][\/vc_row][vc_row css_animation=\u00bb\u00bb row_type=\u00bbrow\u00bb use_row_as_full_screen_section=\u00bbno\u00bb type=\u00bbfull_width\u00bb angled_section=\u00bbno\u00bb text_align=\u00bbleft\u00bb background_image_as_pattern=\u00bbwithout_pattern\u00bb][vc_column]<div class=\"call_to_action normal\" style=\"background-color: #5f1320;padding-top: 50px;padding-bottom: 50px;\"><div class=\"container_inner\"><div class=\"two_columns_75_25 clearfix\"><div class=\"text_wrapper column1\"><div class=\"call_to_action_text  font_size_inherit font_weight_inherit\" style=\"font-size:24px;font-weight: 400;\">Vis\u00edtanos o contacta con nosotros, p\u00eddenos presupuesto y convierte tu casa en tu casa so\u00f1ada. \u00a1Seguro que sabremos cumplir tus expectativas!<\/div><\/div><div class=\"button_wrapper column2\"><a itemprop=\"url\" href=\"\/es\/contacto\" class=\"qbutton white \" target=\"_self\" style=\"color: #ffffff;border-color: #ffffff;background-color:#5f1320;\" data-hover-background-color=#303030 data-hover-border-color=#ffffff data-hover-color=#ffffff>CONT\u00c1CTANOS<\/a><\/div><\/div><\/div><\/div>[\/vc_column][\/vc_row][vc_row css_animation=\u00bb\u00bb row_type=\u00bbrow\u00bb use_row_as_full_screen_section=\u00bbno\u00bb type=\u00bbgrid\u00bb angled_section=\u00bbno\u00bb text_align=\u00bbleft\u00bb background_image_as_pattern=\u00bbwithout_pattern\u00bb padding_top=\u00bb75&#8243; padding_bottom=\u00bb75&#8243; z_index=\u00bb\u00bb anchor=\u00bbinici\u00bb][vc_column css=\u00bb.vc_custom_1695661112130{padding-left: 10% !important;}\u00bb][vc_column_text]<\/p>\n<h1>OUTLET DE COCINAS Y BA\u00d1OS<\/h1>\n<p>[\/vc_column_text][vc_separator type=\u00bbsmall\u00bb position=\u00bbleft\u00bb color=\u00bb#0a0a0a\u00bb transparency=\u00bb1&#8243; thickness=\u00bb1&#8243; width=\u00bb63&#8243; up=\u00bb33&#8243; down=\u00bb45&#8243;][vc_column_text]Aprovecha las ofertas que te ofrece Vivienda en muebles Outlet de exposici\u00f3n.[\/vc_column_text][vc_empty_space height=\u00bb50&#8243;]<a  itemprop=\"url\" href=\"\/es\/contacto\/\" target=\"_self\"  class=\"qbutton  default\" style=\"\">CONT\u00c1CTANOS<\/a>[\/vc_column][\/vc_row][vc_row css_animation=\u00bb\u00bb row_type=\u00bbrow\u00bb use_row_as_full_screen_section=\u00bbno\u00bb type=\u00bbgrid\u00bb angled_section=\u00bbno\u00bb text_align=\u00bbleft\u00bb background_image_as_pattern=\u00bbwithout_pattern\u00bb css=\u00bb.vc_custom_1729864327624{background-color: #f7f7f7 !important;}\u00bb z_index=\u00bb\u00bb][vc_column][vc_empty_space height=\u00bb75&#8243;][vc_row_inner row_type=\u00bbrow\u00bb type=\u00bbfull_width\u00bb text_align=\u00bbleft\u00bb css_animation=\u00bb\u00bb][vc_column_inner width=\u00bb1\/2&#8243;][vc_gallery type=\u00bbflexslider_slide\u00bb interval=\u00bb3&#8243; images=\u00bb998,996,994,992,990,988,986,984&#8243; img_size=\u00bbfull\u00bb direction_nav=\u00bbyes\u00bb control_nav=\u00bbyes\u00bb][vc_empty_space height=\u00bb25&#8243;][\/vc_column_inner][vc_column_inner width=\u00bb1\/2&#8243;][vc_column_text]<\/p>\n<h2 style=\"text-align: left;\">MUEBLES DE COCINA GRIS GRAFITO Y ROBLE<\/h2>\n<p>[\/vc_column_text][vc_separator type=\u00bbsmall\u00bb position=\u00bbleft\u00bb color=\u00bb#0a0a0a\u00bb transparency=\u00bb1&#8243; thickness=\u00bb1&#8243; width=\u00bb63&#8243; up=\u00bb25&#8243; down=\u00bb50&#8243;][vc_column_text]<strong>Caracter\u00edsticas de la promoci\u00f3n:<\/strong><\/p>\n<p>&nbsp;<\/p>\n<p><strong>Muebles<\/strong><\/p>\n<ul>\n<li style=\"list-style-type: none;\">\n<ul>\n<li style=\"list-style-type: none;\">\n<ul>\n<li>Mobiliario de Cocina en Gris Grafito y Roble.<\/li>\n<li>Distribuci\u00f3n en \u201cL\u201d.<\/li>\n<li>Procedente de exposici\u00f3n.<\/li>\n<li>Posibilidad en opci\u00f3n de distribuci\u00f3n lineal.<\/li>\n<li>\u00a0Incluye:\n<ul>\n<li style=\"list-style-type: none;\">\n<ul>\n<li>Placa vitrocer\u00e1mica Gran Chef de 4 zonas integrada en la encimera de acero inoxidable BAUTECH.<\/li>\n<li>Fregadero Lujo inox bajo m\u00e1rmol de la firma FRANKE.<\/li>\n<li>Campana decorativa 90cm acero inox, aspiraci\u00f3n perimetral e iluminaci\u00f3n LED, de la firma PANDO.<\/li>\n<li>Por no estar valorado en la liquidaci\u00f3n, al comprador de la exposici\u00f3n se le obsequia el Silestone compuesto de mostrador regruesado y aplacado de pared.<\/li>\n<\/ul>\n<\/li>\n<\/ul>\n<\/li>\n<\/ul>\n<\/li>\n<\/ul>\n<\/li>\n<\/ul>\n<p>&nbsp;<\/p>\n<p><strong>Importante<\/strong><\/p>\n<ul>\n<li style=\"list-style-type: none;\">\n<ul>\n<li style=\"list-style-type: none;\">\n<ul>\n<li>El producto se recoger\u00e1 en la tienda.<\/li>\n<li>El precio NO incluye montaje.<\/li>\n<li>Si lo desea, podemos transportarlo y colocarlo en su domicilio previa aceptaci\u00f3n de presupuesto.<\/li>\n<li>Este producto no acepta ninguna devoluci\u00f3n.<\/li>\n<li>El precio NO incluye grifos.<\/li>\n<li>El precio incluye IVA<\/li>\n<\/ul>\n<\/li>\n<\/ul>\n<\/li>\n<\/ul>\n<p>&nbsp;<\/p>\n<h3><del>Precio 9.560\u20ac<\/del><\/h3>\n<h3>Precio OUTLET 3.650\u20ac<\/h3>\n<p>[\/vc_column_text][vc_empty_space height=\u00bb25&#8243;]<a  itemprop=\"url\" href=\"\/es\/contacto\/\" target=\"_self\"  class=\"qbutton  default\" style=\"\">M\u00c1S INFORMACI\u00d3N<\/a>[\/vc_column_inner][\/vc_row_inner][vc_empty_space height=\u00bb50&#8243;][\/vc_column][\/vc_row][vc_row css_animation=\u00bb\u00bb row_type=\u00bbrow\u00bb use_row_as_full_screen_section=\u00bbno\u00bb type=\u00bbgrid\u00bb angled_section=\u00bbno\u00bb text_align=\u00bbleft\u00bb background_image_as_pattern=\u00bbwithout_pattern\u00bb z_index=\u00bb\u00bb][vc_column][vc_empty_space height=\u00bb75&#8243;][vc_row_inner row_type=\u00bbrow\u00bb type=\u00bbfull_width\u00bb text_align=\u00bbleft\u00bb css_animation=\u00bb\u00bb][vc_column_inner width=\u00bb1\/2&#8243;][vc_gallery type=\u00bbflexslider_slide\u00bb interval=\u00bb3&#8243; images=\u00bb1005,1003,1001&#8243; img_size=\u00bbfull\u00bb direction_nav=\u00bbyes\u00bb control_nav=\u00bbyes\u00bb][vc_empty_space height=\u00bb25&#8243;][\/vc_column_inner][vc_column_inner width=\u00bb1\/2&#8243;][vc_column_text]<\/p>\n<h2 style=\"text-align: left;\">MUEBLE DE BA\u00d1O<\/h2>\n<p>[\/vc_column_text][vc_separator type=\u00bbsmall\u00bb position=\u00bbleft\u00bb color=\u00bb#0a0a0a\u00bb transparency=\u00bb1&#8243; thickness=\u00bb1&#8243; width=\u00bb63&#8243; up=\u00bb25&#8243; down=\u00bb50&#8243;][vc_column_text]<strong>Caracter\u00edsticas de la promoci\u00f3n:<\/strong><\/p>\n<p>&nbsp;<\/p>\n<p><strong>Muebles<\/strong><\/p>\n<ul>\n<li style=\"list-style-type: none;\">\n<ul>\n<li style=\"list-style-type: none;\">\n<ul>\n<li>Mobiliario lacado para ba\u00f1o.<\/li>\n<li>Procedente de exposici\u00f3n.<\/li>\n<li>Incluye:\n<ul>\n<li style=\"list-style-type: none;\">\n<ul>\n<li>Mueble de ba\u00f1o, lacado blanco, 130 cm*55 cm alto*46 cm profundidad.<\/li>\n<li>Encimera tipo Corian con lavabo integrado en la parte izquierda, de 131 cm *46 cm.<\/li>\n<\/ul>\n<\/li>\n<\/ul>\n<\/li>\n<\/ul>\n<\/li>\n<\/ul>\n<\/li>\n<\/ul>\n<p>&nbsp;<\/p>\n<p><strong>Importante<\/strong><\/p>\n<ul>\n<li style=\"list-style-type: none;\">\n<ul>\n<li style=\"list-style-type: none;\">\n<ul>\n<li>El producto se recoger\u00e1 en la tienda.<\/li>\n<li>El precio NO incluye montaje.<\/li>\n<li>Si lo desea, podemos transportarlo y colocarlo en su domicilio previa aceptaci\u00f3n de presupuesto.<\/li>\n<li>Este producto no acepta devoluci\u00f3n.<\/li>\n<li>El precio NO incluye grifo.<\/li>\n<li>El precio NO incluye espejo.<\/li>\n<li>El precio NO incluye v\u00e1lvula de lavabo.<\/li>\n<li>El precio incluye IVA.<\/li>\n<\/ul>\n<\/li>\n<\/ul>\n<\/li>\n<\/ul>\n<p>&nbsp;<\/p>\n<h3><del>Precio 3.790\u20ac<\/del><\/h3>\n<h3>Precio OUTLET 960\u20ac<\/h3>\n<p>[\/vc_column_text][vc_empty_space height=\u00bb25&#8243;]<a  itemprop=\"url\" href=\"\/es\/contacto\/\" target=\"_self\"  class=\"qbutton  default\" style=\"\">M\u00c1S INFORMACI\u00d3N<\/a>[\/vc_column_inner][\/vc_row_inner][vc_empty_space height=\u00bb50&#8243;][\/vc_column][\/vc_row][vc_row css_animation=\u00bb\u00bb row_type=\u00bbrow\u00bb use_row_as_full_screen_section=\u00bbno\u00bb type=\u00bbgrid\u00bb angled_section=\u00bbno\u00bb text_align=\u00bbleft\u00bb background_image_as_pattern=\u00bbwithout_pattern\u00bb css=\u00bb.vc_custom_1729864327624{background-color: #f7f7f7 !important;}\u00bb z_index=\u00bb\u00bb][vc_column][vc_empty_space height=\u00bb75&#8243;][vc_row_inner row_type=\u00bbrow\u00bb type=\u00bbfull_width\u00bb text_align=\u00bbleft\u00bb css_animation=\u00bb\u00bb][vc_column_inner width=\u00bb1\/2&#8243;][vc_gallery type=\u00bbflexslider_slide\u00bb interval=\u00bb3&#8243; images=\u00bb1012,1010,1008&#8243; img_size=\u00bbfull\u00bb direction_nav=\u00bbyes\u00bb control_nav=\u00bbyes\u00bb][vc_empty_space height=\u00bb25&#8243;][\/vc_column_inner][vc_column_inner width=\u00bb1\/2&#8243;][vc_column_text]<\/p>\n<h2 style=\"text-align: left;\">MUEBLE DE BA\u00d1O<\/h2>\n<p>[\/vc_column_text][vc_separator type=\u00bbsmall\u00bb position=\u00bbleft\u00bb color=\u00bb#0a0a0a\u00bb transparency=\u00bb1&#8243; thickness=\u00bb1&#8243; width=\u00bb63&#8243; up=\u00bb25&#8243; down=\u00bb50&#8243;][vc_column_text css=\u00bb\u00bb]<strong>Caracter\u00edsticas de la promoci\u00f3n:<\/strong><\/p>\n<p>&nbsp;<\/p>\n<p><strong>Muebles<\/strong><\/p>\n<ul>\n<li style=\"list-style-type: none;\">\n<ul>\n<li style=\"list-style-type: none;\">\n<ul>\n<li>Mueble LACADO Blanco satinado, para aseo.<\/li>\n<li>Procedente de exposici\u00f3n.<\/li>\n<li>Incluye:\n<ul>\n<li style=\"list-style-type: none;\">\n<ul>\n<li>Mueble de ba\u00f1o 120 cm*40cm alto*46 cm profundidad.<\/li>\n<li>Encimera tipo Corian, color blanco.<\/li>\n<li>Lavabo tipo mineral mate en color blanco, para ir sobre mostrador.<\/li>\n<\/ul>\n<\/li>\n<\/ul>\n<\/li>\n<\/ul>\n<\/li>\n<\/ul>\n<\/li>\n<\/ul>\n<p>&nbsp;<\/p>\n<p><strong>Importante<\/strong><\/p>\n<ul>\n<li style=\"list-style-type: none;\">\n<ul>\n<li style=\"list-style-type: none;\">\n<ul>\n<li>El producto se recoger\u00e1 en la tienda.<\/li>\n<li>El precio NO incluye montaje.<\/li>\n<li>Si lo desea, podemos transportarlo y colocarlo en su domicilio previa aceptaci\u00f3n de presupuesto.<\/li>\n<li>Este producto no acepta devoluci\u00f3n.<\/li>\n<li>El precio NO incluye grifo.<\/li>\n<li>El precio NO incluye el espejo.<\/li>\n<li>El precio NO incluye v\u00e1lvula de lavabo.<\/li>\n<li>Este precio Incluye IVA<\/li>\n<\/ul>\n<\/li>\n<\/ul>\n<\/li>\n<\/ul>\n<p>&nbsp;<\/p>\n<h3><del>Precio 3.850\u20ac<\/del><\/h3>\n<h3>Precio OUTLET 890\u20ac<\/h3>\n<p>[\/vc_column_text][vc_empty_space height=\u00bb25&#8243;]<a  itemprop=\"url\" href=\"\/es\/contacto\/\" target=\"_self\"  class=\"qbutton  default\" style=\"\">M\u00c1S INFORMACI\u00d3N<\/a>[\/vc_column_inner][\/vc_row_inner][vc_empty_space height=\u00bb50&#8243;][\/vc_column][\/vc_row][vc_row css_animation=\u00bb\u00bb row_type=\u00bbrow\u00bb use_row_as_full_screen_section=\u00bbno\u00bb type=\u00bbgrid\u00bb angled_section=\u00bbno\u00bb text_align=\u00bbleft\u00bb background_image_as_pattern=\u00bbwithout_pattern\u00bb z_index=\u00bb\u00bb][vc_column][vc_empty_space height=\u00bb75&#8243;][vc_row_inner row_type=\u00bbrow\u00bb type=\u00bbfull_width\u00bb text_align=\u00bbleft\u00bb css_animation=\u00bb\u00bb][vc_column_inner width=\u00bb1\/2&#8243;][vc_gallery type=\u00bbflexslider_slide\u00bb interval=\u00bb3&#8243; images=\u00bb1019,1017,1015&#8243; img_size=\u00bbfull\u00bb direction_nav=\u00bbyes\u00bb control_nav=\u00bbyes\u00bb][vc_empty_space height=\u00bb25&#8243;][\/vc_column_inner][vc_column_inner width=\u00bb1\/2&#8243;][vc_column_text]<\/p>\n<h2 style=\"text-align: left;\">MUEBLE DE BA\u00d1O<\/h2>\n<p>[\/vc_column_text][vc_separator type=\u00bbsmall\u00bb position=\u00bbleft\u00bb color=\u00bb#0a0a0a\u00bb transparency=\u00bb1&#8243; thickness=\u00bb1&#8243; width=\u00bb63&#8243; up=\u00bb25&#8243; down=\u00bb50&#8243;][vc_column_text css=\u00bb\u00bb]<strong>Caracter\u00edsticas de la promoci\u00f3n:<\/strong><\/p>\n<p>&nbsp;<\/p>\n<p><strong>Muebles<\/strong><\/p>\n<ul>\n<li style=\"list-style-type: none;\">\n<ul>\n<li style=\"list-style-type: none;\">\n<ul>\n<li>Mobiliario LACADO Blanco satinado, para ba\u00f1o.<\/li>\n<li>Procedente de exposici\u00f3n.<\/li>\n<li>Incluye:\n<ul>\n<li style=\"list-style-type: none;\">\n<ul>\n<li>Mueble de ba\u00f1o 100 cm*55cm alto*46 cm profundidad.<\/li>\n<li>Encimera de porcelana con lavabo integrado, en color blanco.<\/li>\n<li>Espejo 100 cm*70. Iluminaci\u00f3n Perimetral LED.<\/li>\n<\/ul>\n<\/li>\n<\/ul>\n<\/li>\n<\/ul>\n<\/li>\n<\/ul>\n<\/li>\n<\/ul>\n<p>&nbsp;<\/p>\n<p><strong>Importante<\/strong><\/p>\n<ul>\n<li style=\"list-style-type: none;\">\n<ul>\n<li style=\"list-style-type: none;\">\n<ul>\n<li>El producto se recoger\u00e1 en la tienda.<\/li>\n<li>El precio NO incluye montaje.<\/li>\n<li>Si lo desea, podemos transportarlo y colocarlo en su domicilio previa aceptaci\u00f3n de presupuesto.<\/li>\n<li>Este producto no acepta devoluci\u00f3n.<\/li>\n<li>El precio NO incluye grifos.<\/li>\n<li>El precio NO incluye v\u00e1lvula de lavabo.<\/li>\n<li>El precio SI incluye espejo 100 cm*70. Il\u00b7luminaci\u00f3n Perimetral LED.<\/li>\n<li>El precio Incluye IVA.<\/li>\n<\/ul>\n<\/li>\n<\/ul>\n<\/li>\n<\/ul>\n<p>&nbsp;<\/p>\n<h3><del>Precio 1.870\u20ac<\/del><\/h3>\n<h3>Precio OUTLET 950\u20ac<\/h3>\n<p>[\/vc_column_text][vc_empty_space height=\u00bb25&#8243;]<a  itemprop=\"url\" href=\"\/es\/contacto\/\" target=\"_self\"  class=\"qbutton  default\" style=\"\">M\u00c1S INFORMACI\u00d3N<\/a>[\/vc_column_inner][\/vc_row_inner][vc_empty_space height=\u00bb50&#8243;][\/vc_column][\/vc_row][vc_row css_animation=\u00bb\u00bb row_type=\u00bbrow\u00bb use_row_as_full_screen_section=\u00bbno\u00bb type=\u00bbfull_width\u00bb angled_section=\u00bbno\u00bb text_align=\u00bbleft\u00bb background_image_as_pattern=\u00bbwithout_pattern\u00bb][vc_column][vc_gallery type=\u00bbimage_grid\u00bb images=\u00bb494,496,502,568,498,504&#8243; img_size=\u00bbfull\u00bb column_number=\u00bb6&#8243; grayscale=\u00bbno\u00bb images_space=\u00bbgallery_without_space\u00bb][\/vc_column][\/vc_row]<\/p>\n<\/div>","protected":false},"excerpt":{"rendered":"<p>[vc_row css_animation=\u00bb\u00bb row_type=\u00bbrow\u00bb use_row_as_full_screen_section=\u00bbno\u00bb type=\u00bbgrid\u00bb angled_section=\u00bbno\u00bb text_align=\u00bbleft\u00bb background_image_as_pattern=\u00bbwithout_pattern\u00bb z_index=\u00bb\u00bb padding_top=\u00bb30&#8243;][vc_column][vc_column_text] Inicio &gt;&gt; Ofertas [\/vc_column_text][\/vc_column][\/vc_row][vc_row css_animation=\u00bb\u00bb row_type=\u00bbrow\u00bb use_row_as_full_screen_section=\u00bbno\u00bb type=\u00bbgrid\u00bb angled_section=\u00bbno\u00bb text_align=\u00bbleft\u00bb background_image_as_pattern=\u00bbwithout_pattern\u00bb padding_top=\u00bb75&#8243; padding_bottom=\u00bb75&#8243; z_index=\u00bb\u00bb anchor=\u00bbinici\u00bb][vc_column css=\u00bb.vc_custom_1695661112130{padding-left: 10% !important;}\u00bb][vc_column_text] OFERTAS EN COCINAS Y BA\u00d1OS [\/vc_column_text][vc_separator type=\u00bbsmall\u00bb position=\u00bbleft\u00bb color=\u00bb#0a0a0a\u00bb transparency=\u00bb1&#8243; thickness=\u00bb1&#8243; width=\u00bb63&#8243; up=\u00bb33&#8243; down=\u00bb45&#8243;][vc_column_text]Aprovecha las ofertas que&hellip; <a class=\"continue\" href=\"https:\/\/www.reformahabitatge.com\/es\/ofertas\/\">CONTINUAR >><span> OFERTAS<\/span><\/a><\/p>\n","protected":false},"author":1,"featured_media":0,"parent":0,"menu_order":0,"comment_status":"closed","ping_status":"closed","template":"full_width.php","meta":{"_joinchat":[],"footnotes":""},"class_list":["post-893","page","type-page","status-publish","hentry"],"_links":{"self":[{"href":"https:\/\/www.reformahabitatge.com\/es\/wp-json\/wp\/v2\/pages\/893","targetHints":{"allow":["GET"]}}],"collection":[{"href":"https:\/\/www.reformahabitatge.com\/es\/wp-json\/wp\/v2\/pages"}],"about":[{"href":"https:\/\/www.reformahabitatge.com\/es\/wp-json\/wp\/v2\/types\/page"}],"author":[{"embeddable":true,"href":"https:\/\/www.reformahabitatge.com\/es\/wp-json\/wp\/v2\/users\/1"}],"replies":[{"embeddable":true,"href":"https:\/\/www.reformahabitatge.com\/es\/wp-json\/wp\/v2\/comments?post=893"}],"version-history":[{"count":11,"href":"https:\/\/www.reformahabitatge.com\/es\/wp-json\/wp\/v2\/pages\/893\/revisions"}],"predecessor-version":[{"id":1050,"href":"https:\/\/www.reformahabitatge.com\/es\/wp-json\/wp\/v2\/pages\/893\/revisions\/1050"}],"wp:attachment":[{"href":"https:\/\/www.reformahabitatge.com\/es\/wp-json\/wp\/v2\/media?parent=893"}],"curies":[{"name":"wp","href":"https:\/\/api.w.org\/{rel}","templated":true}]}}