{"id":896,"date":"2023-09-25T18:32:42","date_gmt":"2023-09-25T16:32:42","guid":{"rendered":"https:\/\/reformahabitatge.com\/?page_id=896"},"modified":"2023-10-03T11:02:11","modified_gmt":"2023-10-03T09:02:11","slug":"reforma-de-banos","status":"publish","type":"page","link":"https:\/\/www.reformahabitatge.com\/es\/reforma-de-banos\/","title":{"rendered":"REFORMA DE BA\u00d1OS"},"content":{"rendered":"<div class=\"wpb-content-wrapper\"><p>[vc_row css_animation=\u00bb\u00bb row_type=\u00bbrow\u00bb use_row_as_full_screen_section=\u00bbno\u00bb type=\u00bbgrid\u00bb angled_section=\u00bbno\u00bb text_align=\u00bbleft\u00bb background_image_as_pattern=\u00bbwithout_pattern\u00bb z_index=\u00bb\u00bb padding_top=\u00bb30&#8243;][vc_column][vc_column_text]<\/p>\n<p style=\"text-align: right;\"><a href=\"\/es\/\">Inicio<\/a> &gt;&gt; Reforma de ba\u00f1os<\/p>\n<p>[\/vc_column_text][\/vc_column][\/vc_row][vc_row css_animation=\u00bb\u00bb row_type=\u00bbrow\u00bb use_row_as_full_screen_section=\u00bbno\u00bb type=\u00bbgrid\u00bb angled_section=\u00bbno\u00bb text_align=\u00bbleft\u00bb background_image_as_pattern=\u00bbwithout_pattern\u00bb padding_top=\u00bb75&#8243; padding_bottom=\u00bb75&#8243; z_index=\u00bb\u00bb anchor=\u00bbinici\u00bb][vc_column offset=\u00bbvc_col-md-6&#8243;][vc_gallery type=\u00bbflexslider_slide\u00bb interval=\u00bb0&#8243; images=\u00bb743,737,745,747,749,803,739,799,801,751,753,741&#8243; img_size=\u00bbfull\u00bb][\/vc_column][vc_column offset=\u00bbvc_col-md-6&#8243; css=\u00bb.vc_custom_1695636239195{padding-left: 10% !important;}\u00bb][vc_column_text]<\/p>\n<h1>REFORMA EL BA\u00d1O CON LAS PRIMERAS MARCAS<\/h1>\n<p>[\/vc_column_text][vc_separator type=\u00bbsmall\u00bb position=\u00bbleft\u00bb color=\u00bb#0a0a0a\u00bb transparency=\u00bb1&#8243; thickness=\u00bb1&#8243; width=\u00bb63&#8243; up=\u00bb33&#8243; down=\u00bb45&#8243;][vc_column_text]Reformar el ba\u00f1o de tu casa puede ser una decisi\u00f3n importante y costosa. Por eso, desde Habitatge ponemos a tu servicio nuestros 40 a\u00f1os de experiencia y todo un equipo profesional que te acompa\u00f1a en todo el proceso.<\/p>\n<p>&nbsp;<\/p>\n<p>En tu casa tienes que estar a gusto y hay muchas razones para querer reformar el ba\u00f1o: mejorar su funcionalidad, modernizar su estilo, mejorar su eficiencia energ\u00e9tica, aumentar el valor de la propiedad, mejorar su accesibilidad &#8230;<\/p>\n<p>&nbsp;<\/p>\n<p>Sea cual sea tu motivo, te asesoraremos en el dise\u00f1o del proyecto, con soluciones pr\u00e1cticas a tus necesidades y una buena optimizaci\u00f3n del espacio. Ejecutamos y supervisamos todo el proceso de reforma del ba\u00f1o, ajust\u00e1ndonos en tiempo y presupuesto. Disponemos de las \u00faltimas tendencias en modelos de muebles de ba\u00f1o, sanitarios, mamparas de ducha, grifos y baldosas.[\/vc_column_text][vc_empty_space height=\u00bb50&#8243;]<a  itemprop=\"url\" href=\"\/es\/contacto\" target=\"_self\"  class=\"qbutton  default\" style=\"\">CONT\u00c1CTANOS<\/a>[\/vc_column][\/vc_row][vc_row css_animation=\u00bb\u00bb row_type=\u00bbrow\u00bb use_row_as_full_screen_section=\u00bbno\u00bb type=\u00bbgrid\u00bb angled_section=\u00bbno\u00bb text_align=\u00bbleft\u00bb background_image_as_pattern=\u00bbwithout_pattern\u00bb padding_top=\u00bb75&#8243; padding_bottom=\u00bb75&#8243; z_index=\u00bb\u00bb css=\u00bb.vc_custom_1695636690395{background-color: #f7f7f7 !important;}\u00bb][vc_column][vc_column_text]<\/p>\n<h2 style=\"text-align: center;\">QU\u00c9 TE OFRECEMOS A LA HORA DE RENOVAR TU BA\u00d1O<\/h2>\n<p>[\/vc_column_text][vc_separator type=\u00bbsmall\u00bb position=\u00bbcenter\u00bb color=\u00bb#0a0a0a\u00bb transparency=\u00bb1&#8243; thickness=\u00bb1&#8243; width=\u00bb63&#8243; up=\u00bb25&#8243; down=\u00bb75&#8243;][vc_row_inner row_type=\u00bbrow\u00bb type=\u00bbfull_width\u00bb text_align=\u00bbleft\u00bb css_animation=\u00bb\u00bb][vc_column_inner width=\u00bb1\/2&#8243; css=\u00bb.vc_custom_1695637173017{padding-right: 10% !important;padding-left: 10% !important;}\u00bb]<div class=\"q_icon_list\"><i class=\"qode_icon_font_awesome fa fa-file-text qode-ili-icon-holder transparent\" style=\"font-size: 25px;color: #5f1320;\" ><\/i><p style=\"font-size: 20px;\">Dise\u00f1o del proyecto y las propuestas.<\/p><\/div><div class=\"q_icon_list\"><i class=\"qode_icon_font_awesome fa fa-sitemap qode-ili-icon-holder transparent\" style=\"font-size: 25px;color: #5f1320;\" ><\/i><p style=\"font-size: 20px;\">Optimizaci\u00f3n y dise\u00f1o del espacio.<\/p><\/div><div class=\"q_icon_list\"><i class=\"qode_icon_font_awesome fa fa-handshake-o qode-ili-icon-holder transparent\" style=\"font-size: 25px;color: #5f1320;\" ><\/i><p style=\"font-size: 20px;\">Ejecuci\u00f3n del proyecto y seguimiento personal.<\/p><\/div><div class=\"q_icon_list\"><i class=\"qode_icon_font_awesome fa fa-calendar qode-ili-icon-holder transparent\" style=\"font-size: 25px;color: #5f1320;\" ><\/i><p style=\"font-size: 20px;\">Seguimiento del calendario.<\/p><\/div><div class=\"q_icon_list\"><i class=\"qode_icon_font_awesome fa fa-money qode-ili-icon-holder transparent\" style=\"font-size: 25px;color: #5f1320;\" ><\/i><p style=\"font-size: 20px;\">Nos adaptamos a tu presupuesto.<\/p><\/div>[\/vc_column_inner][vc_column_inner width=\u00bb1\/2&#8243; css=\u00bb.vc_custom_1695890095430{padding-right: 10% !important;padding-left: 10% !important;}\u00bb]<div class=\"q_icon_list\"><i class=\"qode_icon_font_awesome fa fa-check qode-ili-icon-holder transparent\" style=\"font-size: 25px;color: #5f1320;\" ><\/i><p style=\"font-size: 20px;\">Materiales y acabados de primera calidad.<\/p><\/div><div class=\"q_icon_list\"><i class=\"qode_icon_font_awesome fa fa-bell qode-ili-icon-holder transparent\" style=\"font-size: 25px;color: #5f1320;\" ><\/i><p style=\"font-size: 20px;\">Trabajamos con las principales marcas.<\/p><\/div><div class=\"q_icon_list\"><i class=\"qode_icon_font_awesome fa fa-battery-full qode-ili-icon-holder transparent\" style=\"font-size: 25px;color: #5f1320;\" ><\/i><p style=\"font-size: 20px;\">Muebles de cocina con 5 a\u00f1os de garant\u00eda.<\/p><\/div><div class=\"q_icon_list\"><i class=\"qode_icon_font_awesome fa fa-map qode-ili-icon-holder transparent\" style=\"font-size: 25px;color: #5f1320;\" ><\/i><p style=\"font-size: 20px;\">Desplazamientos en toda Catalu\u00f1a.<\/p><\/div><div class=\"q_icon_list\"><i class=\"qode_icon_font_awesome fa fa-hand-o-up qode-ili-icon-holder transparent\" style=\"font-size: 25px;color: #5f1320;\" ><\/i><p style=\"font-size: 20px;\">Presupuesto sin compromiso.<\/p><\/div>[\/vc_column_inner][\/vc_row_inner][\/vc_column][\/vc_row][vc_row css_animation=\u00bb\u00bb row_type=\u00bbrow\u00bb use_row_as_full_screen_section=\u00bbno\u00bb type=\u00bbfull_width\u00bb angled_section=\u00bbno\u00bb text_align=\u00bbleft\u00bb background_image_as_pattern=\u00bbwithout_pattern\u00bb][vc_column][vc_gallery type=\u00bbimage_grid\u00bb images=\u00bb743,749,753,745,737,747&#8243; img_size=\u00bbfull\u00bb column_number=\u00bb6&#8243; grayscale=\u00bbno\u00bb images_space=\u00bbgallery_without_space\u00bb][\/vc_column][\/vc_row][vc_row css_animation=\u00bb\u00bb row_type=\u00bbrow\u00bb use_row_as_full_screen_section=\u00bbno\u00bb type=\u00bbfull_width\u00bb angled_section=\u00bbno\u00bb text_align=\u00bbleft\u00bb background_image_as_pattern=\u00bbwithout_pattern\u00bb][vc_column]<div class=\"call_to_action normal\" style=\"background-color: #5f1320;padding-top: 50px;padding-bottom: 50px;\"><div class=\"container_inner\"><div class=\"two_columns_75_25 clearfix\"><div class=\"text_wrapper column1\"><div class=\"call_to_action_text  font_size_inherit font_weight_inherit\" style=\"font-size:24px;font-weight: 400;\">Vis\u00edtanos o contacta con nosotros, p\u00eddenos presupuesto y convierte tu casa en tu casa so\u00f1ada. \u00a1Seguro que sabremos cumplir tus expectativas!<\/div><\/div><div class=\"button_wrapper column2\"><a itemprop=\"url\" href=\"\/es\/contacto\" class=\"qbutton white \" target=\"_self\" style=\"color: #ffffff;border-color: #ffffff;background-color:#5f1320;\" data-hover-background-color=#303030 data-hover-border-color=#ffffff data-hover-color=#ffffff>CONT\u00c1CTANOS<\/a><\/div><\/div><\/div><\/div>[\/vc_column][\/vc_row][vc_row css_animation=\u00bb\u00bb row_type=\u00bbrow\u00bb use_row_as_full_screen_section=\u00bbno\u00bb type=\u00bbgrid\u00bb angled_section=\u00bbno\u00bb text_align=\u00bbcenter\u00bb background_image_as_pattern=\u00bbwithout_pattern\u00bb z_index=\u00bb\u00bb padding_top=\u00bb75&#8243; padding_bottom=\u00bb75&#8243;][vc_column][vc_column_text]<\/p>\n<h2 style=\"text-align: center;\">ART\u00cdCULOS QUE PUEDEN INTERESAR SI QUIERES REFORMAR TU BA\u00d1O<\/h2>\n<p>[\/vc_column_text][vc_separator type=\u00bbsmall\u00bb position=\u00bbcenter\u00bb color=\u00bb#0a0a0a\u00bb transparency=\u00bb1&#8243; thickness=\u00bb1&#8243; width=\u00bb63&#8243; up=\u00bb25&#8243; down=\u00bb75&#8243;]<div class='q_masonry_blog'><div class=\"q_masonry_blog_grid_sizer\"><\/div><div class=\"q_masonry_blog_grid_gutter\"><\/div><article class=\"post-863 post type-post status-publish format-standard has-post-thumbnail hentry category-diseno-y-reforma-de-banos category-diseno-y-reforma-de-viviendas\"><div class=\"q_masonry_blog_post_image\"><a itemprop=\"url\" href=\"https:\/\/www.reformahabitatge.com\/es\/a-la-hora-de-reformar-sanitario-suspendido-o-sanitario-a-ras-de-suelo\/\" target=\"_self\"><img decoding=\"async\" itemprop=\"image\" src=\"https:\/\/www.reformahabitatge.com\/wp-content\/uploads\/2023\/09\/instal-reforma-habitatge-blog-sanitari-suspes-vs-sanitari-a-ras-de-terra-01.jpg\" alt=\"Bany de tons marrons amb plat de dutxa amb mampara, bidet susp\u00e8s, WC susp\u00e8s i pica de disseny a sobre del moble.\" \/><\/a><\/div><div class=\"q_masonry_blog_post_text\"><h3 itemprop=\"name\" class=\"q_masonry_blog_title entry_title\"><a itemprop=\"url\" href=\"https:\/\/www.reformahabitatge.com\/es\/a-la-hora-de-reformar-sanitario-suspendido-o-sanitario-a-ras-de-suelo\/\">\u00bfA la hora de reformar, sanitario suspendido o sanitario a ras de suelo?<\/a><\/h3><p itemprop=\"description\" class=\"q_masonry_blog_excerpt\"><br \/><br \/>La elecci\u00f3n entre un sanitario suspendido y un sanitario a ras de suelo en una reforma depender\u00e1 de diversos factores, incluyendo el estilo de dise\u00f1o, el espacio disponible, las prefere...<\/p><div class=\"q_masonry_blog_post_info\"><span itemprop=\"dateCreated\" class=\"time entry_date updated\">25 septiembre, 2023<meta itemprop=\"interactionCount\" content=\"UserComments:0\"\/><\/span><\/div><\/div><\/article><\/div><a  itemprop=\"url\" href=\"\/es\/blog\" target=\"_self\"  class=\"qbutton  default\" style=\"\">LEER M\u00c1S ART\u00cdCULOS EN EL BLOG<\/a>[\/vc_column][\/vc_row]<\/p>\n<\/div>","protected":false},"excerpt":{"rendered":"<p>[vc_row css_animation=\u00bb\u00bb row_type=\u00bbrow\u00bb use_row_as_full_screen_section=\u00bbno\u00bb type=\u00bbgrid\u00bb angled_section=\u00bbno\u00bb text_align=\u00bbleft\u00bb background_image_as_pattern=\u00bbwithout_pattern\u00bb z_index=\u00bb\u00bb padding_top=\u00bb30&#8243;][vc_column][vc_column_text] Inicio &gt;&gt; Reforma de ba\u00f1os [\/vc_column_text][\/vc_column][\/vc_row][vc_row css_animation=\u00bb\u00bb row_type=\u00bbrow\u00bb use_row_as_full_screen_section=\u00bbno\u00bb type=\u00bbgrid\u00bb angled_section=\u00bbno\u00bb text_align=\u00bbleft\u00bb background_image_as_pattern=\u00bbwithout_pattern\u00bb padding_top=\u00bb75&#8243; padding_bottom=\u00bb75&#8243; z_index=\u00bb\u00bb anchor=\u00bbinici\u00bb][vc_column offset=\u00bbvc_col-md-6&#8243;][vc_gallery type=\u00bbflexslider_slide\u00bb interval=\u00bb0&#8243; images=\u00bb743,737,745,747,749,803,739,799,801,751,753,741&#8243; img_size=\u00bbfull\u00bb][\/vc_column][vc_column offset=\u00bbvc_col-md-6&#8243; css=\u00bb.vc_custom_1695636239195{padding-left: 10% !important;}\u00bb][vc_column_text] REFORMA EL BA\u00d1O CON LAS PRIMERAS MARCAS [\/vc_column_text][vc_separator type=\u00bbsmall\u00bb&hellip; <a class=\"continue\" href=\"https:\/\/www.reformahabitatge.com\/es\/a-la-hora-de-reformar-sanitario-suspendido-o-sanitario-a-ras-de-suelo\/\">CONTINUAR >><span> \u00bfA la hora de reformar, sanitario suspendido o sanitario a ras de suelo?<\/span><\/a> <a class=\"continue\" href=\"https:\/\/www.reformahabitatge.com\/es\/a-la-hora-de-reformar-sanitario-suspendido-o-sanitario-a-ras-de-suelo\/\">CONTINUAR >><span> \u00bfA la hora de reformar, sanitario suspendido o sanitario a ras de suelo?<\/span><\/a><\/p>\n","protected":false},"author":1,"featured_media":0,"parent":0,"menu_order":0,"comment_status":"closed","ping_status":"closed","template":"full_width.php","meta":{"_joinchat":[],"footnotes":""},"class_list":["post-896","page","type-page","status-publish","hentry"],"_links":{"self":[{"href":"https:\/\/www.reformahabitatge.com\/es\/wp-json\/wp\/v2\/pages\/896","targetHints":{"allow":["GET"]}}],"collection":[{"href":"https:\/\/www.reformahabitatge.com\/es\/wp-json\/wp\/v2\/pages"}],"about":[{"href":"https:\/\/www.reformahabitatge.com\/es\/wp-json\/wp\/v2\/types\/page"}],"author":[{"embeddable":true,"href":"https:\/\/www.reformahabitatge.com\/es\/wp-json\/wp\/v2\/users\/1"}],"replies":[{"embeddable":true,"href":"https:\/\/www.reformahabitatge.com\/es\/wp-json\/wp\/v2\/comments?post=896"}],"version-history":[{"count":2,"href":"https:\/\/www.reformahabitatge.com\/es\/wp-json\/wp\/v2\/pages\/896\/revisions"}],"predecessor-version":[{"id":920,"href":"https:\/\/www.reformahabitatge.com\/es\/wp-json\/wp\/v2\/pages\/896\/revisions\/920"}],"wp:attachment":[{"href":"https:\/\/www.reformahabitatge.com\/es\/wp-json\/wp\/v2\/media?parent=896"}],"curies":[{"name":"wp","href":"https:\/\/api.w.org\/{rel}","templated":true}]}}