{"id":898,"date":"2023-09-25T12:48:52","date_gmt":"2023-09-25T10:48:52","guid":{"rendered":"https:\/\/reformahabitatge.com\/?page_id=898"},"modified":"2023-10-02T19:55:57","modified_gmt":"2023-10-02T17:55:57","slug":"reforma-de-cocinas","status":"publish","type":"page","link":"https:\/\/www.reformahabitatge.com\/es\/reforma-de-cocinas\/","title":{"rendered":"REFORMA DE COCINAS"},"content":{"rendered":"<div class=\"wpb-content-wrapper\"><p>[vc_row css_animation=\u00bb\u00bb row_type=\u00bbrow\u00bb use_row_as_full_screen_section=\u00bbno\u00bb type=\u00bbgrid\u00bb angled_section=\u00bbno\u00bb text_align=\u00bbleft\u00bb background_image_as_pattern=\u00bbwithout_pattern\u00bb z_index=\u00bb\u00bb padding_top=\u00bb30&#8243;][vc_column][vc_column_text]<\/p>\n<p style=\"text-align: right;\"><a href=\"\/es\/\">Inicio<\/a> &gt;&gt; Reforma de cocinas<\/p>\n<p>[\/vc_column_text][\/vc_column][\/vc_row][vc_row css_animation=\u00bb\u00bb row_type=\u00bbrow\u00bb use_row_as_full_screen_section=\u00bbno\u00bb type=\u00bbgrid\u00bb angled_section=\u00bbno\u00bb text_align=\u00bbleft\u00bb background_image_as_pattern=\u00bbwithout_pattern\u00bb padding_top=\u00bb75&#8243; padding_bottom=\u00bb75&#8243; z_index=\u00bb\u00bb anchor=\u00bbinici\u00bb][vc_column offset=\u00bbvc_col-md-6&#8243;][vc_gallery type=\u00bbflexslider_slide\u00bb interval=\u00bb0&#8243; images=\u00bb708,716,718,712,710,702,714,720,698,686,688,690,692,694,696,704,706,728,722,724,726&#8243; img_size=\u00bbfull\u00bb][\/vc_column][vc_column offset=\u00bbvc_col-md-6&#8243; css=\u00bb.vc_custom_1695636239195{padding-left: 10% !important;}\u00bb][vc_column_text]<\/p>\n<h1>REFORMA LA COCINA CON UN EQUIPO PROFESIONAL<\/h1>\n<p>[\/vc_column_text][vc_separator type=\u00bbsmall\u00bb position=\u00bbleft\u00bb color=\u00bb#0a0a0a\u00bb transparency=\u00bb1&#8243; thickness=\u00bb1&#8243; width=\u00bb63&#8243; up=\u00bb33&#8243; down=\u00bb45&#8243;][vc_column_text]Reformar la cocina de casa puede ser una tarea complicada, teniendo en cuenta que es el coraz\u00f3n de la casa y que pasamos muchas horas. Por eso desde Vivienda ponemos a tu servicio nuestros 40 a\u00f1os de experiencia y todo un equipo profesional que te acompa\u00f1an en todo el proceso.<\/p>\n<p>&nbsp;<\/p>\n<p>Nos pasan por la cabeza muchos motivos por los que puedes querer reformar la cocina: mejorar su funcionalidad, modernizar su estilo, mejorar la eficiencia energ\u00e9tica, aumentar el valor de la propiedad, mejorar la accesibilidad\u2026<\/p>\n<p>&nbsp;<\/p>\n<p>Sea cual sea tu motivo, te asesoramos en el dise\u00f1o del proyecto, con soluciones pr\u00e1cticas que se ajusten a tus necesidades, con una buena organizaci\u00f3n y optimizaci\u00f3n del espacio. Ejecutamos y supervisamos todo el proceso de reforma de la cocina, ajust\u00e1ndonos en tiempo y presupuesto. Tambi\u00e9n disponemos de las \u00faltimas tendencias en muebles de cocina, accesorios, encimeras, baldosas y electrodom\u00e9sticos.[\/vc_column_text][vc_empty_space height=\u00bb50&#8243;]<a  itemprop=\"url\" href=\"\/es\/contacto\" target=\"_self\"  class=\"qbutton  default\" style=\"\">CONT\u00c1CTANOS<\/a>[\/vc_column][\/vc_row][vc_row css_animation=\u00bb\u00bb row_type=\u00bbrow\u00bb use_row_as_full_screen_section=\u00bbno\u00bb type=\u00bbgrid\u00bb angled_section=\u00bbno\u00bb text_align=\u00bbleft\u00bb background_image_as_pattern=\u00bbwithout_pattern\u00bb padding_top=\u00bb75&#8243; padding_bottom=\u00bb75&#8243; z_index=\u00bb\u00bb css=\u00bb.vc_custom_1695636690395{background-color: #f7f7f7 !important;}\u00bb][vc_column][vc_column_text]<\/p>\n<h2 style=\"text-align: center;\">QU\u00c9 TE OFRECEMOS A LA HORA DE RENOVAR TU COCINA<\/h2>\n<p>[\/vc_column_text][vc_separator type=\u00bbsmall\u00bb position=\u00bbcenter\u00bb color=\u00bb#0a0a0a\u00bb transparency=\u00bb1&#8243; thickness=\u00bb1&#8243; width=\u00bb63&#8243; up=\u00bb25&#8243; down=\u00bb75&#8243;][vc_row_inner row_type=\u00bbrow\u00bb type=\u00bbfull_width\u00bb text_align=\u00bbleft\u00bb css_animation=\u00bb\u00bb][vc_column_inner width=\u00bb1\/2&#8243; css=\u00bb.vc_custom_1695637173017{padding-right: 10% !important;padding-left: 10% !important;}\u00bb]<div class=\"q_icon_list\"><i class=\"qode_icon_font_awesome fa fa-file-text qode-ili-icon-holder transparent\" style=\"font-size: 25px;color: #5f1320;\" ><\/i><p style=\"font-size: 20px;\">Dise\u00f1o del proyecto y las propuestas.<\/p><\/div><div class=\"q_icon_list\"><i class=\"qode_icon_font_awesome fa fa-sitemap qode-ili-icon-holder transparent\" style=\"font-size: 25px;color: #5f1320;\" ><\/i><p style=\"font-size: 20px;\">Optimizaci\u00f3n y dise\u00f1o del espacio.<\/p><\/div><div class=\"q_icon_list\"><i class=\"qode_icon_font_awesome fa fa-handshake-o qode-ili-icon-holder transparent\" style=\"font-size: 25px;color: #5f1320;\" ><\/i><p style=\"font-size: 20px;\">Ejecuci\u00f3n del proyecto y seguimiento personal.<\/p><\/div><div class=\"q_icon_list\"><i class=\"qode_icon_font_awesome fa fa-calendar qode-ili-icon-holder transparent\" style=\"font-size: 25px;color: #5f1320;\" ><\/i><p style=\"font-size: 20px;\">Seguimiento del calendario.<\/p><\/div><div class=\"q_icon_list\"><i class=\"qode_icon_font_awesome fa fa-money qode-ili-icon-holder transparent\" style=\"font-size: 25px;color: #5f1320;\" ><\/i><p style=\"font-size: 20px;\">Nos adaptamos a tu presupuesto.<\/p><\/div>[\/vc_column_inner][vc_column_inner width=\u00bb1\/2&#8243; css=\u00bb.vc_custom_1695889980320{padding-right: 10% !important;padding-left: 10% !important;}\u00bb]<div class=\"q_icon_list\"><i class=\"qode_icon_font_awesome fa fa-check qode-ili-icon-holder transparent\" style=\"font-size: 25px;color: #5f1320;\" ><\/i><p style=\"font-size: 20px;\">Materiales y acabados de primera calidad.<\/p><\/div><div class=\"q_icon_list\"><i class=\"qode_icon_font_awesome fa fa-bell qode-ili-icon-holder transparent\" style=\"font-size: 25px;color: #5f1320;\" ><\/i><p style=\"font-size: 20px;\">Trabajamos con las principales marcas.<\/p><\/div><div class=\"q_icon_list\"><i class=\"qode_icon_font_awesome fa fa-battery-full qode-ili-icon-holder transparent\" style=\"font-size: 25px;color: #5f1320;\" ><\/i><p style=\"font-size: 20px;\">Muebles de cocina con 5 a\u00f1os de garant\u00eda.<\/p><\/div><div class=\"q_icon_list\"><i class=\"qode_icon_font_awesome fa fa-map qode-ili-icon-holder transparent\" style=\"font-size: 25px;color: #5f1320;\" ><\/i><p style=\"font-size: 20px;\">Desplazamientos en toda Catalu\u00f1a.<\/p><\/div><div class=\"q_icon_list\"><i class=\"qode_icon_font_awesome fa fa-hand-o-up qode-ili-icon-holder transparent\" style=\"font-size: 25px;color: #5f1320;\" ><\/i><p style=\"font-size: 20px;\">Presupuesto sin compromiso.<\/p><\/div>[\/vc_column_inner][\/vc_row_inner][\/vc_column][\/vc_row][vc_row css_animation=\u00bb\u00bb row_type=\u00bbrow\u00bb use_row_as_full_screen_section=\u00bbno\u00bb type=\u00bbfull_width\u00bb angled_section=\u00bbno\u00bb text_align=\u00bbleft\u00bb background_image_as_pattern=\u00bbwithout_pattern\u00bb][vc_column][vc_gallery type=\u00bbimage_grid\u00bb images=\u00bb502,732,504,496,734,730&#8243; img_size=\u00bbfull\u00bb column_number=\u00bb6&#8243; grayscale=\u00bbno\u00bb images_space=\u00bbgallery_without_space\u00bb][\/vc_column][\/vc_row][vc_row css_animation=\u00bb\u00bb row_type=\u00bbrow\u00bb use_row_as_full_screen_section=\u00bbno\u00bb type=\u00bbfull_width\u00bb angled_section=\u00bbno\u00bb text_align=\u00bbleft\u00bb background_image_as_pattern=\u00bbwithout_pattern\u00bb][vc_column]<div class=\"call_to_action normal\" style=\"background-color: #5f1320;padding-top: 50px;padding-bottom: 50px;\"><div class=\"container_inner\"><div class=\"two_columns_75_25 clearfix\"><div class=\"text_wrapper column1\"><div class=\"call_to_action_text  font_size_inherit font_weight_inherit\" style=\"font-size:24px;font-weight: 400;\">Vis\u00edtanos o contacta con nosotros, p\u00eddenos presupuesto y convierte tu casa en tu casa so\u00f1ada. \u00a1Seguro que sabremos cumplir tus expectativas!<\/div><\/div><div class=\"button_wrapper column2\"><a itemprop=\"url\" href=\"\/es\/contacto\" class=\"qbutton white \" target=\"_self\" style=\"color: #ffffff;border-color: #ffffff;background-color:#5f1320;\" data-hover-background-color=#303030 data-hover-border-color=#ffffff data-hover-color=#ffffff>CONT\u00c1CTANOS<\/a><\/div><\/div><\/div><\/div>[\/vc_column][\/vc_row][vc_row css_animation=\u00bb\u00bb row_type=\u00bbrow\u00bb use_row_as_full_screen_section=\u00bbno\u00bb type=\u00bbgrid\u00bb angled_section=\u00bbno\u00bb text_align=\u00bbcenter\u00bb background_image_as_pattern=\u00bbwithout_pattern\u00bb z_index=\u00bb\u00bb padding_top=\u00bb75&#8243; padding_bottom=\u00bb75&#8243;][vc_column][vc_column_text]<\/p>\n<h2 style=\"text-align: center;\">ART\u00cdCULOS QUE PUEDEN INTERESAR SI QUIERES REFORMAR TU COCINA<\/h2>\n<p>[\/vc_column_text][vc_separator type=\u00bbsmall\u00bb position=\u00bbcenter\u00bb color=\u00bb#0a0a0a\u00bb transparency=\u00bb1&#8243; thickness=\u00bb1&#8243; width=\u00bb63&#8243; up=\u00bb25&#8243; down=\u00bb75&#8243;]<div class='q_masonry_blog'><div class=\"q_masonry_blog_grid_sizer\"><\/div><div class=\"q_masonry_blog_grid_gutter\"><\/div><article class=\"post-861 post type-post status-publish format-standard has-post-thumbnail hentry category-diseno-y-reforma-de-cocinas category-diseno-y-reforma-de-viviendas\"><div class=\"q_masonry_blog_post_image\"><a itemprop=\"url\" href=\"https:\/\/www.reformahabitatge.com\/es\/la-importancia-de-contratar-un-estudio-de-cocina-en-la-reforma-de-tu-vivienda\/\" target=\"_self\"><img decoding=\"async\" itemprop=\"image\" src=\"https:\/\/www.reformahabitatge.com\/wp-content\/uploads\/2023\/09\/instal-reforma-habitatge-blog-la-importancia-de-contractra-a-un-estudi-de-cuina-en-la-reforma-de-la-teva-vivenda.jpg\" alt=\"Cuina amb terra de parquet, mobles blanc i illa amb sobre de marbre acabat en cascada.\" \/><\/a><\/div><div class=\"q_masonry_blog_post_text\"><h3 itemprop=\"name\" class=\"q_masonry_blog_title entry_title\"><a itemprop=\"url\" href=\"https:\/\/www.reformahabitatge.com\/es\/la-importancia-de-contratar-un-estudio-de-cocina-en-la-reforma-de-tu-vivienda\/\">La importancia de contratar un estudio de cocina en la reforma de tu vivienda<\/a><\/h3><p itemprop=\"description\" class=\"q_masonry_blog_excerpt\"><br \/><br \/>Contratar a un estudio especializado en dise\u00f1o de cocinas y ba\u00f1os es fundamental para una reforma exitosa y satisfactoria en tu vivienda por varias razones cruciales. &lt;a class=&quot;continue&quot;...<\/p><div class=\"q_masonry_blog_post_info\"><span itemprop=\"dateCreated\" class=\"time entry_date updated\">25 septiembre, 2023<meta itemprop=\"interactionCount\" content=\"UserComments:0\"\/><\/span><\/div><\/div><\/article><article class=\"post-869 post type-post status-publish format-standard has-post-thumbnail hentry category-diseno-y-reforma-de-cocinas category-diseno-y-reforma-de-viviendas\"><div class=\"q_masonry_blog_post_image\"><a itemprop=\"url\" href=\"https:\/\/www.reformahabitatge.com\/es\/tendencias-a-la-hora-de-disenar-y-realizar-la-reforma-de-una-cocina\/\" target=\"_self\"><img decoding=\"async\" itemprop=\"image\" src=\"https:\/\/www.reformahabitatge.com\/wp-content\/uploads\/2023\/09\/instal-reforma-habitatge-blog-tendencies-a-l-hora-de-dissenyar-i-realitzar-la-reforma-d-una-cuina.jpg\" alt=\"Cuina amb mobles blancs, illa amb sobre de marbre i moble gran de paret amb forn, microones i molt espai d&#039;emmagatzematge.\" \/><\/a><\/div><div class=\"q_masonry_blog_post_text\"><h3 itemprop=\"name\" class=\"q_masonry_blog_title entry_title\"><a itemprop=\"url\" href=\"https:\/\/www.reformahabitatge.com\/es\/tendencias-a-la-hora-de-disenar-y-realizar-la-reforma-de-una-cocina\/\">Tendencias a la hora de dise\u00f1ar y realizar la reforma de una cocina<\/a><\/h3><p itemprop=\"description\" class=\"q_masonry_blog_excerpt\"><br \/><br \/>Dise\u00f1o de cocina abierta: Las cocinas abiertas que se integran con el espacio de estar o comedor siguen siendo populares. Esto fomenta la interacci\u00f3n social y crea un ambiente m\u00e1s acoge...<\/p><div class=\"q_masonry_blog_post_info\"><span itemprop=\"dateCreated\" class=\"time entry_date updated\">18 septiembre, 2023<meta itemprop=\"interactionCount\" content=\"UserComments:0\"\/><\/span><\/div><\/div><\/article><\/div><a  itemprop=\"url\" href=\"\/es\/blog\" target=\"_self\"  class=\"qbutton  default\" style=\"\">LEER M\u00c1S ART\u00cdCULOS EN EL BLOG<\/a>[\/vc_column][\/vc_row]<\/p>\n<\/div>","protected":false},"excerpt":{"rendered":"<p>[vc_row css_animation=\u00bb\u00bb row_type=\u00bbrow\u00bb use_row_as_full_screen_section=\u00bbno\u00bb type=\u00bbgrid\u00bb angled_section=\u00bbno\u00bb text_align=\u00bbleft\u00bb background_image_as_pattern=\u00bbwithout_pattern\u00bb z_index=\u00bb\u00bb padding_top=\u00bb30&#8243;][vc_column][vc_column_text] Inicio &gt;&gt; Reforma de cocinas [\/vc_column_text][\/vc_column][\/vc_row][vc_row css_animation=\u00bb\u00bb row_type=\u00bbrow\u00bb use_row_as_full_screen_section=\u00bbno\u00bb type=\u00bbgrid\u00bb angled_section=\u00bbno\u00bb text_align=\u00bbleft\u00bb background_image_as_pattern=\u00bbwithout_pattern\u00bb padding_top=\u00bb75&#8243; padding_bottom=\u00bb75&#8243; z_index=\u00bb\u00bb anchor=\u00bbinici\u00bb][vc_column offset=\u00bbvc_col-md-6&#8243;][vc_gallery type=\u00bbflexslider_slide\u00bb interval=\u00bb0&#8243; images=\u00bb708,716,718,712,710,702,714,720,698,686,688,690,692,694,696,704,706,728,722,724,726&#8243; img_size=\u00bbfull\u00bb][\/vc_column][vc_column offset=\u00bbvc_col-md-6&#8243; css=\u00bb.vc_custom_1695636239195{padding-left: 10% !important;}\u00bb][vc_column_text] REFORMA LA COCINA CON UN EQUIPO PROFESIONAL [\/vc_column_text][vc_separator type=\u00bbsmall\u00bb&hellip; <a class=\"continue\" href=\"https:\/\/www.reformahabitatge.com\/es\/tendencias-a-la-hora-de-disenar-y-realizar-la-reforma-de-una-cocina\/\">CONTINUAR >><span> Tendencias a la hora de dise\u00f1ar y realizar la reforma de una cocina<\/span><\/a> <a class=\"continue\" href=\"https:\/\/www.reformahabitatge.com\/es\/tendencias-a-la-hora-de-disenar-y-realizar-la-reforma-de-una-cocina\/\">CONTINUAR >><span> Tendencias a la hora de dise\u00f1ar y realizar la reforma de una cocina<\/span><\/a><\/p>\n","protected":false},"author":1,"featured_media":0,"parent":0,"menu_order":0,"comment_status":"closed","ping_status":"closed","template":"full_width.php","meta":{"_joinchat":[],"footnotes":""},"class_list":["post-898","page","type-page","status-publish","hentry"],"_links":{"self":[{"href":"https:\/\/www.reformahabitatge.com\/es\/wp-json\/wp\/v2\/pages\/898","targetHints":{"allow":["GET"]}}],"collection":[{"href":"https:\/\/www.reformahabitatge.com\/es\/wp-json\/wp\/v2\/pages"}],"about":[{"href":"https:\/\/www.reformahabitatge.com\/es\/wp-json\/wp\/v2\/types\/page"}],"author":[{"embeddable":true,"href":"https:\/\/www.reformahabitatge.com\/es\/wp-json\/wp\/v2\/users\/1"}],"replies":[{"embeddable":true,"href":"https:\/\/www.reformahabitatge.com\/es\/wp-json\/wp\/v2\/comments?post=898"}],"version-history":[{"count":2,"href":"https:\/\/www.reformahabitatge.com\/es\/wp-json\/wp\/v2\/pages\/898\/revisions"}],"predecessor-version":[{"id":919,"href":"https:\/\/www.reformahabitatge.com\/es\/wp-json\/wp\/v2\/pages\/898\/revisions\/919"}],"wp:attachment":[{"href":"https:\/\/www.reformahabitatge.com\/es\/wp-json\/wp\/v2\/media?parent=898"}],"curies":[{"name":"wp","href":"https:\/\/api.w.org\/{rel}","templated":true}]}}